{"id":8467874,"date":"2023-01-06T07:53:58","date_gmt":"2023-01-06T06:53:58","guid":{"rendered":"https:\/\/360dive.onpressidium.com\/?page_id=8467874"},"modified":"2023-01-06T08:10:00","modified_gmt":"2023-01-06T07:10:00","slug":"agir-pour-un-tourisme-responsable","status":"publish","type":"page","link":"https:\/\/360-dive.com\/en\/agir-pour-un-tourisme-responsable\/","title":{"rendered":"Taking action for responsible tourism!"},"content":{"rendered":"\n\n\t\t<div id=\"slider1_container\">\r\n\t\t<div id=\"slider1\"><\/div>\r\n\t\t<div id=\"input_amounts\">\r\n\t\t\t<div>\r\n\t\t\t\t<label for=\"amount1\">Prix minimum<\/label>\r\n\t\t\t\t<input type=\"text\" id=\"amount1\" value=\"0\" readonly>\r\n\t\t\t<\/div>\r\n\t\t\t<div>\r\n\t\t\t\t<label for=\"amount2\">Prix maximum<\/label>\r\n\t\t\t\t<input type=\"text\" id=\"amount2\" value=\"10000\" readonly>\r\n\t\t\t<\/div>\r\n\t\t<\/div>\r\n\t\t<div id=\"slider_valid\">Valider et fermer<\/div>\r\n\t<\/div>\r\n\t<link rel=\"stylesheet\" href=\"\/\/code.jquery.com\/ui\/1.12.1\/themes\/base\/jquery-ui.css\">\r\n\t<script src=\"https:\/\/code.jquery.com\/ui\/1.12.1\/jquery-ui.js\"><\/script>\r\n\t<script>\r\n\tjQuery(document).ready(function( $ ){\r\n\t\t$( '#slider1' ).slider({\r\n\t\t\trange: true,\r\n\t\t\tvalues: [ 0, 10000 ],\r\n\t\t\tmin: 0,\r\n\t\t\tmax: 10000,\r\n\t\t\tstep: 100,\r\n\t\t\tslide: function( event, ui ) {\r\n\t\t\t\t$( '#amount1' ).val( ui.values[ 0 ] + ' \u20ac' );\r\n\t\t\t\t$( '#amount2' ).val( ui.values[ 1 ] + ' \u20ac' );\r\n\t\t\t\t$( '#input_2_2' ).val( ui.values[ 0 ] + ' \u20ac \u00e0 ' + ui.values[ 1 ] + ' \u20ac' );\r\n\t\t\t}\r\n\t\t});\r\n\t});\r\n\t<\/script>\r\n\t\n\t<nav  aria-label=\"breadcrumb\"><ol class=\"breadcrumb\" itemscope itemtype=\"https:\/\/schema.org\/BreadcrumbList\"><li class=\"breadcrumb-item active\" aria-current=\"page\" itemprop=\"itemListElement\" itemscope itemtype=\"https:\/\/schema.org\/ListItem\"><span itemprop=\"name\">Home<\/span><meta itemprop=\"position\" content=\"1\"><\/li><\/ol><\/nav>\n\n<h1>\n\t\tAgir pour un tourisme responsable !\n\t<\/h1>\n\t\n\t\t<h2>\n\t\t\tNos actions\n\t\t\t\t\t\t\t\t\t\t\tLa sobri\u00e9t\u00e9 \u00e9nerg\u00e9tique de l&rsquo;agence\n\t\t<\/h2>\n\t<p>M\u00eame si c&rsquo;est une \u00e9vidence, nous nous devons de faire office de mod\u00e8le avant m\u00eame de demander \u00e0 nos clients et prestataires d&rsquo;\u00eatre impliqu\u00e9s et en phase avec les enjeux de notre temps.<\/p>\n<p>Cela passe tout d&rsquo;abord par une adaptation de nos m\u00e9thodes de fonctionnement :<\/p>\n\t\t\t\t<p>Nous avons opt\u00e9 pour des lumi\u00e8res \u00e0 basse consommation, nous faisons un usage raisonn\u00e9 de la climatisation\/chauffage, tous les\u00a0 appareils \u00e9lectroniques sont \u00e9teints lors des heures de fermeture.<\/p>\n<p><strong>Notre objectif \u00e9tant de diminuer encore de 15 % \u00e0 20 % notre consommation \u00e9nerg\u00e9tique.<\/strong><\/p>\n\t\t\t\t<p>Nous avons adapt\u00e9 notre m\u00e9tier en veillant \u00e0 ne pas faire de mails inutiles, pas de newsletter ou promotion en exc\u00e8s, le strict minimum avec le maximum d&rsquo;informations et de clart\u00e9 !<\/p>\n<p><strong>Pour d\u00e9carbonater l&rsquo;agence, nous avons \u00e9galement supprim\u00e9 \u00e0 99 % l&rsquo;utilisation du papier.<br \/>Tous les contrats, les vouchers (dossiers) et les carnets de voyage sont d\u00e9mat\u00e9rialis\u00e9s.<\/strong><\/p>\n\t<p>Tous ces efforts nous ont valu l&rsquo;affiliation au label Agir Pour un Tourisme Responsable depuis 2020 : <a href=\"https:\/\/www.tourisme-responsable.org\/membres\/360-surf\/\" target=\"_blank\" rel=\"noopener\">Agir pour un Tourisme Responsable &#8211; ATR<\/a>.<br \/>Nous faisons \u00e9galement partis des 175 entreprises s\u00e9lectionn\u00e9es sur dossier au programme europ\u00e9en d&rsquo;am\u00e9lioration des performances en mati\u00e8re de durabilit\u00e9 : <a href=\"https:\/\/www.travelife.info\/sustour\/\" target=\"_blank\" rel=\"noopener\">SUSTOUR Project<\/a><\/p>\n\t\t<h2>\n\t\t\tPour nos clients\n\t\t\t\t\t\t\t\t\t\t\tVous permettre d&rsquo;\u00e9valuer votre empreinte carbone\n\t\t<\/h2>\n\t<p>Vous pouvez \u00e9valuer vos \u00e9missions carbones \u00e0 l&rsquo;aide de ce simulateur : <a href=\"https:\/\/www.goodplanet.org\/fr\/calculateurs-carbone\/particulier\/?calculator=1&amp;action=calcul&amp;type=voyage&amp;step=calc_avion&amp;calcul=success\" target=\"_blank\" rel=\"noopener\">https:\/\/www.goodplanet.org\/fr\/calculateurs-carbone\/particulier\/?calculator=1&amp;action=calcul&amp;type=voyage&amp;step=calc_avion&amp;calcul=success<\/a><\/p>\n<p>Nous vous partageons quelques conseils fournis par l&rsquo;ATR : <a href=\"https:\/\/www.tourisme-responsable.org\/conseils-voyageurs\/economie\/compenser-partie-emissions-de-gaz-a-effets-de-serre\/\" target=\"_blank\" rel=\"noopener\">https:\/\/www.tourisme-responsable.org\/conseils-voyageurs\/economie\/compenser-partie-emissions-de-gaz-a-effets-de-serre\/<\/a><\/p>\n<p>Vous pouvez soutenir un projet pour le climat avec Greentripper : <a href=\"https:\/\/greentripper.org\/calculator.aspx?cl=fr&amp;ol=1\" target=\"_blank\" rel=\"noopener\">https:\/\/greentripper.org\/calculator.aspx?cl=fr&amp;ol=1<\/a><\/p>\n<p>Afin de faciliter les choses, nous avons travaill\u00e9 en interne sur une r\u00e8gle de calcul reprenant les diff\u00e9rents s\u00e9jours ainsi que les diff\u00e9rents montants par dossier pour aider \u00e0 compenser les \u00e9missions carbones.<br \/><strong>Les fonds seront directement pr\u00e9lev\u00e9s \u00e0 la r\u00e9servation du s\u00e9jour et seront r\u00e9partis en fin d&rsquo;ann\u00e9e aux ONG ayant les meilleurs\u00a0 programmes.<\/strong><\/p>\n<p>Attention, il s&rsquo;agit de moyennes effectu\u00e9es gr\u00e2ce aux donn\u00e9es de nos partenaires et fournisseurs. \u00c9galement, le prix de la tonne de CO\u00b2 est diff\u00e9rent d&rsquo;une association \u00e0 l&rsquo;autre. Nous partagerons nos recherches et nos d\u00e9cisions \u00e0 chaque fin d&rsquo;ann\u00e9e.<\/p>\n<p><strong>\u00c0 partir de 2023, nous nous engageons \u00e0 reverser 0,25 % de notre chiffre d&rsquo;affaire annuel.<\/strong><\/p>\n<table  data-tablesaw-minimap>\n\t\t\t<thead>\n\t\t<tr>\n\t\t\t<th id=\"pp-table-col-1\" scope=\"col\" data-tablesaw-sortable-col>\t\t\t\t\t\n\t\t\t\t\t\t\t\t\t\t\t\tCompensation carbone totale\t\t\t\t\t\n\t\t\t\t\t<\/th>\t\t<\/tr>\n\t<\/thead>\n\t\t<tbody>\n\t\t<tr data-row-index=\"1\"><td>S\u00e9jour long courrier<\/td><td>1 % du prix total s\u00e9jour<\/td><\/tr><tr data-row-index=\"2\"><td>S\u00e9jour moyen courrier<\/td><td>0,5 % du prix total s\u00e9jour<\/td><\/tr><tr data-row-index=\"3\"><td>S\u00e9jour France (pas de partie transport)<\/td><td>2 \u20ac<\/td><\/tr>\t<\/tbody>\n<\/table>\n\t\t<h2>\n\t\t\tDonner aux associations\n\t\t\t\t\t\t\t\t\t\t\tPour la pr\u00e9servation et la restauration du corail\n\t\t<\/h2>\n\t<p>Nous mettons tous nos efforts sur le slow travel et en choisissant des partenaires qui s&rsquo;engagent \u00e0 respecter le rythme de la nature.<\/p>\n<p>Matthieu Ruty &#8211; Dirigeant de 360\u00b0 SURF TRAVEL<\/p>\n\n","protected":false},"excerpt":{"rendered":"<p>Agir pour un tourisme responsable ! Nos actions La sobri\u00e9t\u00e9 \u00e9nerg\u00e9tique de l&rsquo;agence M\u00eame si c&rsquo;est une \u00e9vidence, nous nous devons de faire office de mod\u00e8le avant m\u00eame de demander \u00e0 nos clients et prestataires d&rsquo;\u00eatre impliqu\u00e9s et en phase avec les enjeux de notre temps. Cela passe tout d&rsquo;abord par une adaptation de nos [&hellip;]<\/p>\n","protected":false},"author":1,"featured_media":0,"parent":0,"menu_order":0,"comment_status":"closed","ping_status":"closed","template":"","meta":{"_seopress_robots_primary_cat":"","_seopress_titles_title":"","_seopress_titles_desc":"","_seopress_robots_index":"","inline_featured_image":false,"site-sidebar-layout":"no-sidebar","site-content-layout":"page-builder","ast-site-content-layout":"default","site-content-style":"default","site-sidebar-style":"default","ast-global-header-display":"","ast-banner-title-visibility":"","ast-main-header-display":"","ast-hfb-above-header-display":"","ast-hfb-below-header-display":"","ast-hfb-mobile-header-display":"","site-post-title":"disabled","ast-breadcrumbs-content":"","ast-featured-img":"disabled","footer-sml-layout":"","ast-disable-related-posts":"","theme-transparent-header-meta":"default","adv-header-id-meta":"","stick-header-meta":"","header-above-stick-meta":"","header-main-stick-meta":"","header-below-stick-meta":"","astra-migrate-meta-layouts":"default","ast-page-background-enabled":"default","ast-page-background-meta":{"desktop":{"background-color":"","background-image":"","background-repeat":"repeat","background-position":"center center","background-size":"auto","background-attachment":"scroll","background-type":"","background-media":"","overlay-type":"","overlay-color":"","overlay-opacity":"","overlay-gradient":""},"tablet":{"background-color":"","background-image":"","background-repeat":"repeat","background-position":"center center","background-size":"auto","background-attachment":"scroll","background-type":"","background-media":"","overlay-type":"","overlay-color":"","overlay-opacity":"","overlay-gradient":""},"mobile":{"background-color":"","background-image":"","background-repeat":"repeat","background-position":"center center","background-size":"auto","background-attachment":"scroll","background-type":"","background-media":"","overlay-type":"","overlay-color":"","overlay-opacity":"","overlay-gradient":""}},"ast-content-background-meta":{"desktop":{"background-color":"var(--ast-global-color-5)","background-image":"","background-repeat":"repeat","background-position":"center center","background-size":"auto","background-attachment":"scroll","background-type":"","background-media":"","overlay-type":"","overlay-color":"","overlay-opacity":"","overlay-gradient":""},"tablet":{"background-color":"var(--ast-global-color-5)","background-image":"","background-repeat":"repeat","background-position":"center center","background-size":"auto","background-attachment":"scroll","background-type":"","background-media":"","overlay-type":"","overlay-color":"","overlay-opacity":"","overlay-gradient":""},"mobile":{"background-color":"var(--ast-global-color-5)","background-image":"","background-repeat":"repeat","background-position":"center center","background-size":"auto","background-attachment":"scroll","background-type":"","background-media":"","overlay-type":"","overlay-color":"","overlay-opacity":"","overlay-gradient":""}},"_joinchat":[],"footnotes":""},"class_list":["post-8467874","page","type-page","status-publish","hentry"],"_links":{"self":[{"href":"https:\/\/360-dive.com\/en\/wp-json\/wp\/v2\/pages\/8467874","targetHints":{"allow":["GET"]}}],"collection":[{"href":"https:\/\/360-dive.com\/en\/wp-json\/wp\/v2\/pages"}],"about":[{"href":"https:\/\/360-dive.com\/en\/wp-json\/wp\/v2\/types\/page"}],"author":[{"embeddable":true,"href":"https:\/\/360-dive.com\/en\/wp-json\/wp\/v2\/users\/1"}],"replies":[{"embeddable":true,"href":"https:\/\/360-dive.com\/en\/wp-json\/wp\/v2\/comments?post=8467874"}],"version-history":[{"count":0,"href":"https:\/\/360-dive.com\/en\/wp-json\/wp\/v2\/pages\/8467874\/revisions"}],"wp:attachment":[{"href":"https:\/\/360-dive.com\/en\/wp-json\/wp\/v2\/media?parent=8467874"}],"curies":[{"name":"wp","href":"https:\/\/api.w.org\/{rel}","templated":true}]}}