{"id":4253,"date":"2021-05-17T18:00:57","date_gmt":"2021-05-17T16:00:57","guid":{"rendered":"https:\/\/360dive.onpressidium.com\/?page_id=4253"},"modified":"2026-03-12T08:44:30","modified_gmt":"2026-03-12T07:44:30","slug":"qui-sommes-nous","status":"publish","type":"page","link":"https:\/\/360-dive.com\/en\/qui-sommes-nous\/","title":{"rendered":"Who are we?"},"content":{"rendered":"\n\n\t\t<div id=\"slider1_container\">\r\n\t\t<div id=\"slider1\"><\/div>\r\n\t\t<div id=\"input_amounts\">\r\n\t\t\t<div>\r\n\t\t\t\t<label for=\"amount1\">Prix minimum<\/label>\r\n\t\t\t\t<input type=\"text\" id=\"amount1\" value=\"0\" readonly>\r\n\t\t\t<\/div>\r\n\t\t\t<div>\r\n\t\t\t\t<label for=\"amount2\">Prix maximum<\/label>\r\n\t\t\t\t<input type=\"text\" id=\"amount2\" value=\"10000\" readonly>\r\n\t\t\t<\/div>\r\n\t\t<\/div>\r\n\t\t<div id=\"slider_valid\">Valider et fermer<\/div>\r\n\t<\/div>\r\n\t<link rel=\"stylesheet\" href=\"\/\/code.jquery.com\/ui\/1.12.1\/themes\/base\/jquery-ui.css\">\r\n\t<script src=\"https:\/\/code.jquery.com\/ui\/1.12.1\/jquery-ui.js\"><\/script>\r\n\t<script>\r\n\tjQuery(document).ready(function( $ ){\r\n\t\t$( '#slider1' ).slider({\r\n\t\t\trange: true,\r\n\t\t\tvalues: [ 0, 10000 ],\r\n\t\t\tmin: 0,\r\n\t\t\tmax: 10000,\r\n\t\t\tstep: 100,\r\n\t\t\tslide: function( event, ui ) {\r\n\t\t\t\t$( '#amount1' ).val( ui.values[ 0 ] + ' \u20ac' );\r\n\t\t\t\t$( '#amount2' ).val( ui.values[ 1 ] + ' \u20ac' );\r\n\t\t\t\t$( '#input_2_2' ).val( ui.values[ 0 ] + ' \u20ac \u00e0 ' + ui.values[ 1 ] + ' \u20ac' );\r\n\t\t\t}\r\n\t\t});\r\n\t});\r\n\t<\/script>\r\n\t\n\t<nav  aria-label=\"breadcrumb\"><ol class=\"breadcrumb\" itemscope itemtype=\"https:\/\/schema.org\/BreadcrumbList\"><li class=\"breadcrumb-item active\" aria-current=\"page\" itemprop=\"itemListElement\" itemscope itemtype=\"https:\/\/schema.org\/ListItem\"><span itemprop=\"name\">Home<\/span><meta itemprop=\"position\" content=\"1\"><\/li><\/ol><\/nav>\n<h1>\n\t\t\tQui sommes-nous ?\t<\/h1>\n\t\t<h2>\n\t\t\t360\u00b0 Travel &#8211; Agence de voyage sportif\n\t\t\t\t\t\t\t\t\t\t\tUne vraie agence r\u00e9f\u00e9rente\n\t\t<\/h2>\n\t<p>Une \u00e9quipe de professionnels motiv\u00e9s et sympas est pr\u00e9cis\u00e9ment ce qui nous distingue. Forte de son exp\u00e9rience sur la cr\u00e9ation de s\u00e9jour surf et <strong>s\u00e9jours sportifs<\/strong> plus largement <strong>depuis 2013<\/strong>, l&rsquo;\u00e9quipe a mis tout son c\u0153ur \u00e0 l&rsquo;ouvrage pour vous trouvez <strong>les meilleurs s\u00e9jours kitesurf et kitefoil<\/strong> sur les meilleurs spots de la plan\u00e8te, toujours dans <b>une d\u00e9marche le plus responsable et raisonn\u00e9e possible<\/b>.<\/p>\n<p>Pr\u00e9sente dans l&rsquo;univers de la glisse mais \u00e9galement aupr\u00e8s du grand public, d\u00e9butants, interm\u00e9diaires et confirm\u00e9s ont pu trouver une <strong>solution adapt\u00e9e<\/strong> \u00e0 leurs attentes avec nos solutions tout inclus, comprenant l&rsquo;h\u00e9bergement, les cours de kitesurf, les kitesurf guiding et downwind mais \u00e9galement les <strong>locations de voiture sur place et les r\u00e9servations de billets d&rsquo;avion<\/strong>. C&rsquo;est un avantage certain de pouvoir tout centraliser sous la coupe d&rsquo;une agence de voyage agr\u00e9\u00e9e par Atout France comprenant toute <strong>l&rsquo;assurance et le s\u00e9rieux exig\u00e9s<\/strong>\u00a0pour \u00eatre immatricul\u00e9.<\/p>\n\t\t<h2>\n\t\t\tCe qu&rsquo;on fait pour vous\n\t\t\t\t\t\t\t\t\t\t\tLes avantages\n\t\t<\/h2>\n\t\t\t\t<img decoding=\"async\" src=\"https:\/\/360-dive.com\/wp-content\/uploads\/2021\/05\/icon-best-price.svg\" alt=\"icon-best-price\" title=\"icon-best-price\" itemprop=\"image\"\/>\n\t\t\t<h3>Rapport qualit\u00e9 prix<\/h3>\t\t\t\n\t\t\t\t<p>Notre agence de voyage s&rsquo;engage \u00e0 trouver le meilleur rapport qualit\u00e9\/prix pour votre s\u00e9jour kitesurf. Nous n\u00e9gocions directement avec nos partenaires nos modes de r\u00e9mun\u00e9ration, de ce fait vous <strong>b\u00e9n\u00e9ficierez du m\u00eame prix que vous passiez en direct ou avec nous<\/strong> (le service et l&rsquo;assurance d&rsquo;une vrai agence de voyage en plus).<\/p>\n\t\t\t\t<img decoding=\"async\" src=\"https:\/\/360-dive.com\/wp-content\/uploads\/2021\/05\/icon-check.svg\" alt=\"icon-check\" title=\"icon-check\" itemprop=\"image\"\/>\n\t\t\t<h3>Destinations test\u00e9es<\/h3>\t\t\t\n\t\t\t\t<p>Toutes nos destinations sont v\u00e9rifi\u00e9es par nos soins, nous nous engageons \u00e0 travailler uniquement avec des structures comp\u00e9tentes et \u00e0 jour sur les normes de s\u00e9curit\u00e9. Nous cherchons de plus en plus \u00e0 mettre en avant des <strong>kitesurfcamps \u00e0 taille humaine et \u00e9co-responsables<\/strong>.<\/p>\n\t\t\t\t<img decoding=\"async\" src=\"https:\/\/360-dive.com\/wp-content\/uploads\/2021\/05\/icon-fast.svg\" alt=\"icon-fast\" title=\"icon-fast\" itemprop=\"image\"\/>\n\t\t\t<h3>R\u00e9ponses rapides<\/h3>\t\t\t\n\t\t\t\t<p>Nous sommes de vrais humains derni\u00e8re nos \u00e9crans&#8230; Pas de robots ou de r\u00e9ponses automatiques, c&rsquo;est pourquoi nous prenons le temps d&rsquo;\u00e9tudier une par une vos demandes <strong>pour vous trouver la meilleure option<\/strong> selon vos envies et votre niveau. Pour tous vos projets, nous essayons de tenir <strong>une r\u00e9ponse dans les 24 heures<\/strong>.<\/p>\n\t\t\t\t<img decoding=\"async\" src=\"https:\/\/360-dive.com\/wp-content\/uploads\/2021\/05\/icon-hours.svg\" alt=\"icon-hours\" title=\"icon-hours\" itemprop=\"image\"\/>\n\t\t\t<h3>7 jours\/7 et 24h\/24<\/h3>\t\t\t\n\t\t\t\t<p>Les demandes sont possibles 7 jours\/7 par t\u00e9l\u00e9phone, mail, r\u00e9seaux sociaux&#8230; Nos conseillers voyage sont disponibles du lundi au samedi de 14 h \u00e0 22 h.<\/p>\n\t<p>Toutes nos destinations kite cruise, kitesurf et kitefoil sont certifi\u00e9es par nos ambassadeurs, nous r\u00e9\u00e9valuons les prestations plusieurs fois par an.<\/p>\n<p>360\u00b0 Travel Kite, c&rsquo;est aussi une \u00e9quipe de kitesurfeurs passionn\u00e9s de voyage, \u00e0 l&rsquo;\u00e9coute de vos envies. Avant, pendant et apr\u00e8s, vous b\u00e9n\u00e9ficierez des conseils, de l&rsquo;exp\u00e9rience et de la qualit\u00e9 d&rsquo;une agence s\u00e9rieuse et reconnue.<\/p>\n\t\t<h2>\n\t\t\tUn service \u00e0 360\u00b0\n\t\t\t\t\t\t\t\t\t\t\tNotre savoir-faire\n\t\t<\/h2>\n\t<p>Nous construisons aussi des voyages sur mesure en y incluant \u00e0 la carte : le billet d&rsquo;avion, la location de voiture, les formalit\u00e9s administratives et m\u00eame la r\u00e9servation du pousse-pousse !<\/p>\n<p>Nous vous garantissons aussi un service d&rsquo;assurance sp\u00e9cialis\u00e9e dans le voyage sportif.<\/p>\n\t<a href=\"https:\/\/360-dive.com\/contact\/\" target=\"_self\" role=\"button\" aria-label=\"Envie de partir ? N'h\u00e9sitez pas \u00e0 nous contacter !\">\n\t\t\t\t\t\tEnvie de partir ? N&rsquo;h\u00e9sitez pas \u00e0 nous contacter !\n\t\t\t\t\t<\/a>\n\t\t<h2>\n\t\t\tLa team 360\u00b0 Travel\n\t\t\t\t\t\t\t\t\t\t\t\u00e0 votre service\n\t\t<\/h2>\n\t\t<figure itemscope itemtype=\"https:\/\/schema.org\/ImageObject\">\n\t\t\t\t<img decoding=\"async\" src=\"https:\/\/360-dive.com\/wp-content\/uploads\/bb-plugin\/cache\/matthieu-circle-circle-ce363265a7e6c6929cad2c17ef91822b-.jpg\" alt=\"matthieu-circle\" title=\"matthieu-circle\" onerror=\"this.style.display='none'\" loading=\"lazy\" \/>\n\t<\/figure>\n<h3>Matthieu<\/h3><p><em>CEO<\/em><\/p>\n\t<p>Matthieu, le g\u00e9rant de 360\u00b0 Travel a pendant plusieurs ann\u00e9es dirig\u00e9 une agence avant de se lancer dans l&rsquo;aventure de cr\u00e9er sa propre agence de voyage sportif. Passionn\u00e9 de sports extr\u00eames en tout genre, ancien Champion de France Junior de Fun Board, il a pris ses premi\u00e8res vagues en planche \u00e0 voile et \u00e0 \u00e9voluer vers le kitesurf et plus r\u00e9cemment le kitefoil et le wingfoil.<\/p>\n\t\t<figure itemscope itemtype=\"https:\/\/schema.org\/ImageObject\">\n\t\t\t\t<img decoding=\"async\" src=\"https:\/\/360-dive.com\/wp-content\/uploads\/bb-plugin\/cache\/mireli-circle-circle-27178f69ffa95dc35820195699c4e7f3-.jpg\" alt=\"mireli-circle\" title=\"mireli-circle\" onerror=\"this.style.display='none'\" loading=\"lazy\" \/>\n\t<\/figure>\n<h3>Mireli<\/h3><p><em>Conseill\u00e8re voyage<\/em><\/p>\n\t\t<figure itemscope itemtype=\"https:\/\/schema.org\/ImageObject\">\n\t\t\t\t<img decoding=\"async\" src=\"https:\/\/360-dive.com\/wp-content\/uploads\/bb-plugin\/cache\/solenne-circle-circle-28d1002d5d653d8d24202c8805d1f5b2-.jpg\" alt=\"solenne-circle\" title=\"solenne-circle\" onerror=\"this.style.display='none'\" loading=\"lazy\" \/>\n\t<\/figure>\n<h3>Solenne<\/h3><p><em>Conseill\u00e8re voyage<\/em><\/p>\n\t\t<figure itemscope itemtype=\"https:\/\/schema.org\/ImageObject\">\n\t\t\t\t<img decoding=\"async\" src=\"https:\/\/360-dive.com\/wp-content\/uploads\/bb-plugin\/cache\/jb-circle-circle-76cc413620a57930fc4c1dbbd5c411a4-.jpg\" alt=\"jb-circle\" title=\"jb-circle\" onerror=\"this.style.display='none'\" loading=\"lazy\" \/>\n\t<\/figure>\n<h3>JB<\/h3><p><em>P\u00f4le fournisseur<\/em><\/p>\n\t\t<figure itemscope itemtype=\"https:\/\/schema.org\/ImageObject\">\n\t\t\t\t<img decoding=\"async\" src=\"https:\/\/360-dive.com\/wp-content\/uploads\/bb-plugin\/cache\/noe-circle-circle-18e887bab49f6a9592eadc7ff7bceb11-.jpg\" alt=\"noe-circle\" title=\"noe-circle\" onerror=\"this.style.display='none'\" loading=\"lazy\" \/>\n\t<\/figure>\n<h3>Noe<\/h3><p><em>Photographe et testeur de voyage<\/em><\/p>\n<h2>\n\t\t\tEnvie de partir ?\t<\/h2>\n\t<a href=\"https:\/\/360-dive.com\/contact?pays=Archives\" target=\"_self\" role=\"button\" aria-label=\"Demander un devis\">\n\t\t\t\t\t\tDemander un devis\n\t\t\t\t\t<\/a>\n\n","protected":false},"excerpt":{"rendered":"<p>Qui sommes-nous ? 360\u00b0 Travel &#8211; Agence de voyage sportif Une vraie agence r\u00e9f\u00e9rente Une \u00e9quipe de professionnels motiv\u00e9s et sympas est pr\u00e9cis\u00e9ment ce qui nous distingue. Forte de son exp\u00e9rience sur la cr\u00e9ation de s\u00e9jour surf et s\u00e9jours sportifs plus largement depuis 2013, l&rsquo;\u00e9quipe a mis tout son c\u0153ur \u00e0 l&rsquo;ouvrage pour vous trouvez [&hellip;]<\/p>\n","protected":false},"author":1,"featured_media":0,"parent":0,"menu_order":0,"comment_status":"closed","ping_status":"closed","template":"","meta":{"_seopress_robots_primary_cat":"","_seopress_titles_title":"La meilleure agence de voyage Kite Surf %%sep%% %%sitetitle%%","_seopress_titles_desc":"Nous cr\u00e9ons et organisons des s\u00e9jours depuis 2013. Nos Travel planer sont passionn\u00e9s et s'engagent \u00e0 trouver le meilleur s\u00e9jour Kite Surf pour vous !","_seopress_robots_index":"","inline_featured_image":false,"site-sidebar-layout":"no-sidebar","site-content-layout":"page-builder","ast-site-content-layout":"full-width-container","site-content-style":"unboxed","site-sidebar-style":"unboxed","ast-global-header-display":"","ast-banner-title-visibility":"","ast-main-header-display":"","ast-hfb-above-header-display":"","ast-hfb-below-header-display":"","ast-hfb-mobile-header-display":"","site-post-title":"disabled","ast-breadcrumbs-content":"","ast-featured-img":"disabled","footer-sml-layout":"","ast-disable-related-posts":"","theme-transparent-header-meta":"default","adv-header-id-meta":"","stick-header-meta":"","header-above-stick-meta":"","header-main-stick-meta":"","header-below-stick-meta":"","astra-migrate-meta-layouts":"set","ast-page-background-enabled":"default","ast-page-background-meta":{"desktop":{"background-color":"","background-image":"","background-repeat":"repeat","background-position":"center center","background-size":"auto","background-attachment":"scroll","background-type":"","background-media":"","overlay-type":"","overlay-color":"","overlay-opacity":"","overlay-gradient":""},"tablet":{"background-color":"","background-image":"","background-repeat":"repeat","background-position":"center center","background-size":"auto","background-attachment":"scroll","background-type":"","background-media":"","overlay-type":"","overlay-color":"","overlay-opacity":"","overlay-gradient":""},"mobile":{"background-color":"","background-image":"","background-repeat":"repeat","background-position":"center center","background-size":"auto","background-attachment":"scroll","background-type":"","background-media":"","overlay-type":"","overlay-color":"","overlay-opacity":"","overlay-gradient":""}},"ast-content-background-meta":{"desktop":{"background-color":"var(--ast-global-color-5)","background-image":"","background-repeat":"repeat","background-position":"center center","background-size":"auto","background-attachment":"scroll","background-type":"","background-media":"","overlay-type":"","overlay-color":"","overlay-opacity":"","overlay-gradient":""},"tablet":{"background-color":"var(--ast-global-color-5)","background-image":"","background-repeat":"repeat","background-position":"center center","background-size":"auto","background-attachment":"scroll","background-type":"","background-media":"","overlay-type":"","overlay-color":"","overlay-opacity":"","overlay-gradient":""},"mobile":{"background-color":"var(--ast-global-color-5)","background-image":"","background-repeat":"repeat","background-position":"center center","background-size":"auto","background-attachment":"scroll","background-type":"","background-media":"","overlay-type":"","overlay-color":"","overlay-opacity":"","overlay-gradient":""}},"_joinchat":[],"footnotes":""},"class_list":["post-4253","page","type-page","status-publish","hentry"],"_links":{"self":[{"href":"https:\/\/360-dive.com\/en\/wp-json\/wp\/v2\/pages\/4253","targetHints":{"allow":["GET"]}}],"collection":[{"href":"https:\/\/360-dive.com\/en\/wp-json\/wp\/v2\/pages"}],"about":[{"href":"https:\/\/360-dive.com\/en\/wp-json\/wp\/v2\/types\/page"}],"author":[{"embeddable":true,"href":"https:\/\/360-dive.com\/en\/wp-json\/wp\/v2\/users\/1"}],"replies":[{"embeddable":true,"href":"https:\/\/360-dive.com\/en\/wp-json\/wp\/v2\/comments?post=4253"}],"version-history":[{"count":0,"href":"https:\/\/360-dive.com\/en\/wp-json\/wp\/v2\/pages\/4253\/revisions"}],"wp:attachment":[{"href":"https:\/\/360-dive.com\/en\/wp-json\/wp\/v2\/media?parent=4253"}],"curies":[{"name":"wp","href":"https:\/\/api.w.org\/{rel}","templated":true}]}}