{"id":202,"date":"2021-04-28T08:13:03","date_gmt":"2021-04-28T06:13:03","guid":{"rendered":"https:\/\/360dive.onpressidium.com\/?page_id=202"},"modified":"2026-03-12T15:20:46","modified_gmt":"2026-03-12T14:20:46","slug":"sejours-plongee","status":"publish","type":"page","link":"https:\/\/360-dive.com\/en\/sejours-plongee\/","title":{"rendered":"Diving Stays"},"content":{"rendered":"<nav  aria-label=\"breadcrumb\"><ol class=\"breadcrumb\" itemscope itemtype=\"https:\/\/schema.org\/BreadcrumbList\"><li class=\"breadcrumb-item active\" aria-current=\"page\" itemprop=\"itemListElement\" itemscope itemtype=\"https:\/\/schema.org\/ListItem\"><span itemprop=\"name\">Home<\/span><meta itemprop=\"position\" content=\"1\"><\/li><\/ol><\/nav>\r\n<h1>All our diving holidays<\/h1>\r\n<h2>All our destinations<\/h2>\r\n<h3>13 destinations<\/h3>\r\n<select id=\"filter_list\">\r\n<option value=\"\">All continents<\/option>\r\n<option value=\".afrique\">Africa<\/option>\r\n<option value=\".amerique-du-nord\">Northern America<\/option>\r\n<option value=\".amerique-du-sud\">South America<\/option>\r\n<option value=\".asie\">Asia<\/option>\r\n<option value=\".europe\">Europe<\/option>\r\n<option value=\".oceanie\">Oceania<\/option>\r\n<\/select>\r\n<p><a href=\"#\" target=\"_self\" rel=\"noopener\"> <img decoding=\"async\" src=\"https:\/\/360-dive.com\/wp-content\/uploads\/2021\/06\/icon-list.svg\" \/> List <\/a> <a href=\"https:\/\/360-dive.com\/en\/carte\/\" target=\"_self\" rel=\"noopener\"> <img decoding=\"async\" src=\"https:\/\/360-dive.com\/wp-content\/uploads\/2021\/06\/icon-map-gray.svg\" \/> Map <\/a> \t<div class=\"liste_destinations\">\r\n\t\t\t<div class=\"liste_panel amerique-centrale-et-cara\u00efbes\" style=\"background: url('');\">\r\n\t\t\t<div class=\"liste_panel_content\">\r\n\t\t\t\t<h3 style=\"margin-bottom: 0;\"><a href=\"https:\/\/360-dive.com\/en\/pays\/antilles-francaises\/\">French West Indies<\/a><\/h3>\r\n\t\t\t\t<h4><a href=\"https:\/\/360-dive.com\/en\/pays\/antilles-francaises\/\">Central America and the Caribbean<\/a><\/h4>\r\n\t\t\t\t\t\t\t\t<a class=\"link_liste\" href=\"https:\/\/360-dive.com\/en\/pays\/antilles-francaises\/\">From \u20ac109<\/a>\r\n\t\t\t\t\t\t\t<\/div>\r\n\t\t<\/div>\r\n\t\t\t\t<div class=\"liste_panel afrique\" style=\"background: url('');\">\r\n\t\t\t<div class=\"liste_panel_content\">\r\n\t\t\t\t<h3 style=\"margin-bottom: 0;\"><a href=\"https:\/\/360-dive.com\/en\/pays\/cap-vert\/\">Cape Verde<\/a><\/h3>\r\n\t\t\t\t<h4><a href=\"https:\/\/360-dive.com\/en\/pays\/cap-vert\/\">Africa<\/a><\/h4>\r\n\t\t\t\t\t\t\t\t<a class=\"link_liste\" href=\"https:\/\/360-dive.com\/en\/pays\/cap-vert\/\">From \u20ac1,490<\/a>\r\n\t\t\t\t\t\t\t<\/div>\r\n\t\t<\/div>\r\n\t\t\t\t<div class=\"liste_panel afrique\" style=\"background: url('');\">\r\n\t\t\t<div class=\"liste_panel_content\">\r\n\t\t\t\t<h3 style=\"margin-bottom: 0;\"><a href=\"https:\/\/360-dive.com\/en\/pays\/egypte\/\">Egypt<\/a><\/h3>\r\n\t\t\t\t<h4><a href=\"https:\/\/360-dive.com\/en\/pays\/egypte\/\">Africa<\/a><\/h4>\r\n\t\t\t\t\t\t\t\t<a class=\"link_liste\" href=\"https:\/\/360-dive.com\/en\/pays\/egypte\/\">From \u20ac656<\/a>\r\n\t\t\t\t\t\t\t<\/div>\r\n\t\t<\/div>\r\n\t\t\t\t<div class=\"liste_panel afrique\" style=\"background: url('https:\/\/360-dive.com\/wp-content\/uploads\/2026\/03\/hhach-flic-en-flac-beach-7273767_1280.webp');\">\r\n\t\t\t<div class=\"liste_panel_content\">\r\n\t\t\t\t<h3 style=\"margin-bottom: 0;\"><a href=\"https:\/\/360-dive.com\/en\/pays\/ile-maurice\/\">Mauritius<\/a><\/h3>\r\n\t\t\t\t<h4><a href=\"https:\/\/360-dive.com\/en\/pays\/ile-maurice\/\">Africa<\/a><\/h4>\r\n\t\t\t\t\t\t\t\t<a class=\"link_liste\" href=\"https:\/\/360-dive.com\/en\/pays\/ile-maurice\/\">From \u20ac342<\/a>\r\n\t\t\t\t\t\t\t<\/div>\r\n\t\t<\/div>\r\n\t\t\t\t<div class=\"liste_panel europe\" style=\"background: url('https:\/\/360-dive.com\/wp-content\/uploads\/2024\/12\/francisco-jesus-navarro-hernandez-dtCTfjTEOgg-unsplash-scaled.jpg');\">\r\n\t\t\t<div class=\"liste_panel_content\">\r\n\t\t\t\t<h3 style=\"margin-bottom: 0;\"><a href=\"https:\/\/360-dive.com\/en\/pays\/iles-canaries\/\">Canary Islands<\/a><\/h3>\r\n\t\t\t\t<h4><a href=\"https:\/\/360-dive.com\/en\/pays\/iles-canaries\/\">Europe<\/a><\/h4>\r\n\t\t\t\t\t\t\t\t<a class=\"link_liste\" href=\"https:\/\/360-dive.com\/en\/pays\/iles-canaries\/\">From \u20ac1250<\/a>\r\n\t\t\t\t\t\t\t<\/div>\r\n\t\t<\/div>\r\n\t\t\t\t<div class=\"liste_panel asie\" style=\"background: url('https:\/\/360-dive.com\/wp-content\/uploads\/2021\/12\/akaya-4-scaled.jpg');\">\r\n\t\t\t<div class=\"liste_panel_content\">\r\n\t\t\t\t<h3 style=\"margin-bottom: 0;\"><a href=\"https:\/\/360-dive.com\/en\/pays\/indonesie\/\">Indonesia<\/a><\/h3>\r\n\t\t\t\t<h4><a href=\"https:\/\/360-dive.com\/en\/pays\/indonesie\/\">Asia<\/a><\/h4>\r\n\t\t\t\t\t\t\t\t<a class=\"link_liste\" href=\"https:\/\/360-dive.com\/en\/pays\/indonesie\/\">From \u20ac380<\/a>\r\n\t\t\t\t\t\t\t<\/div>\r\n\t\t<\/div>\r\n\t\t\t\t<div class=\"liste_panel europe\" style=\"background: url('');\">\r\n\t\t\t<div class=\"liste_panel_content\">\r\n\t\t\t\t<h3 style=\"margin-bottom: 0;\"><a href=\"https:\/\/360-dive.com\/en\/pays\/italie\/\">Italy<\/a><\/h3>\r\n\t\t\t\t<h4><a href=\"https:\/\/360-dive.com\/en\/pays\/italie\/\">Europe<\/a><\/h4>\r\n\t\t\t\t\t\t\t\t<a class=\"link_liste\" href=\"https:\/\/360-dive.com\/en\/pays\/italie\/\">From \u20ac1,390<\/a>\r\n\t\t\t\t\t\t\t<\/div>\r\n\t\t<\/div>\r\n\t\t\t\t<div class=\"liste_panel afrique\" style=\"background: url('');\">\r\n\t\t\t<div class=\"liste_panel_content\">\r\n\t\t\t\t<h3 style=\"margin-bottom: 0;\"><a href=\"https:\/\/360-dive.com\/en\/pays\/madagascar\/\">Madagascar<\/a><\/h3>\r\n\t\t\t\t<h4><a href=\"https:\/\/360-dive.com\/en\/pays\/madagascar\/\">Africa<\/a><\/h4>\r\n\t\t\t\t\t\t\t\t<a class=\"link_liste\" href=\"https:\/\/360-dive.com\/en\/pays\/madagascar\/\">From \u20ac1,790<\/a>\r\n\t\t\t\t\t\t\t<\/div>\r\n\t\t<\/div>\r\n\t\t\t\t<div class=\"liste_panel asie\" style=\"background: url('https:\/\/360-dive.com\/wp-content\/uploads\/2022\/12\/pexels-asad-photo-maldives-1268869-scaled-e1671544950736.jpg');\">\r\n\t\t\t<div class=\"liste_panel_content\">\r\n\t\t\t\t<h3 style=\"margin-bottom: 0;\"><a href=\"https:\/\/360-dive.com\/en\/pays\/maldives\/\">Maldives<\/a><\/h3>\r\n\t\t\t\t<h4><a href=\"https:\/\/360-dive.com\/en\/pays\/maldives\/\">Asia<\/a><\/h4>\r\n\t\t\t\t\t\t\t\t<a class=\"link_liste\" href=\"https:\/\/360-dive.com\/en\/pays\/maldives\/\">On quotation<\/a>\r\n\t\t\t\t\t\t\t<\/div>\r\n\t\t<\/div>\r\n\t\t\t\t<div class=\"liste_panel europe\" style=\"background: url('');\">\r\n\t\t\t<div class=\"liste_panel_content\">\r\n\t\t\t\t<h3 style=\"margin-bottom: 0;\"><a href=\"https:\/\/360-dive.com\/en\/pays\/pays-bas-caraibes\/\">Netherlands Caribbean<\/a><\/h3>\r\n\t\t\t\t<h4><a href=\"https:\/\/360-dive.com\/en\/pays\/pays-bas-caraibes\/\">Europe<\/a><\/h4>\r\n\t\t\t\t\t\t\t\t<a class=\"link_liste\" href=\"https:\/\/360-dive.com\/en\/pays\/pays-bas-caraibes\/\">From \u20ac2,160<\/a>\r\n\t\t\t\t\t\t\t<\/div>\r\n\t\t<\/div>\r\n\t\t\t\t<div class=\"liste_panel afrique\" style=\"background: url('https:\/\/360-dive.com\/wp-content\/uploads\/2023\/10\/phillipines.jpeg');\">\r\n\t\t\t<div class=\"liste_panel_content\">\r\n\t\t\t\t<h3 style=\"margin-bottom: 0;\"><a href=\"https:\/\/360-dive.com\/en\/pays\/philippines\/\">Philippines<\/a><\/h3>\r\n\t\t\t\t<h4><a href=\"https:\/\/360-dive.com\/en\/pays\/philippines\/\">Africa<\/a><\/h4>\r\n\t\t\t\t\t\t\t\t<a class=\"link_liste\" href=\"https:\/\/360-dive.com\/en\/pays\/philippines\/\">From \u20ac254<\/a>\r\n\t\t\t\t\t\t\t<\/div>\r\n\t\t<\/div>\r\n\t\t\t\t<div class=\"liste_panel europe\" style=\"background: url('');\">\r\n\t\t\t<div class=\"liste_panel_content\">\r\n\t\t\t\t<h3 style=\"margin-bottom: 0;\"><a href=\"https:\/\/360-dive.com\/en\/pays\/portugal\/\">Portugal<\/a><\/h3>\r\n\t\t\t\t<h4><a href=\"https:\/\/360-dive.com\/en\/pays\/portugal\/\">Europe<\/a><\/h4>\r\n\t\t\t\t\t\t\t\t<a class=\"link_liste\" href=\"https:\/\/360-dive.com\/en\/pays\/portugal\/\">From \u20ac899<\/a>\r\n\t\t\t\t\t\t\t<\/div>\r\n\t\t<\/div>\r\n\t\t\t\t<div class=\"liste_panel afrique\" style=\"background: url('');\">\r\n\t\t\t<div class=\"liste_panel_content\">\r\n\t\t\t\t<h3 style=\"margin-bottom: 0;\"><a href=\"https:\/\/360-dive.com\/en\/pays\/tanzanie\/\">Tanzania<\/a><\/h3>\r\n\t\t\t\t<h4><a href=\"https:\/\/360-dive.com\/en\/pays\/tanzanie\/\">Africa<\/a><\/h4>\r\n\t\t\t\t\t\t\t\t<a class=\"link_liste\" href=\"https:\/\/360-dive.com\/en\/pays\/tanzanie\/\">From \u20ac2040<\/a>\r\n\t\t\t\t\t\t\t<\/div>\r\n\t\t<\/div>\r\n\t\t\t<\/div>\r\n\t<script src=\"https:\/\/unpkg.com\/isotope-layout@3\/dist\/isotope.pkgd.min.js\"><\/script>\r\n\t<script type=\"text\/javascript\">\r\n\t\tjQuery('#filter_list').on('change', function() {\r\n\t\t\tvar grid        = jQuery('.liste_destinations');\r\n\t\t\tvar filterValue = jQuery(this).val();\r\n\t\t\tgrid.isotope({\r\n\t\t\t\tfilter: filterValue,\r\n\t\t\t\tlayoutMode: 'fitRows'\r\n\t\t\t});\r\n\t\t});\r\n\t<\/script>\r\n\t<\/p>","protected":false},"excerpt":{"rendered":"<p>Tous nos s\u00e9jours plong\u00e9e Toutes nos destinations destinations Tous les continentsAfriqueAm\u00e9rique du NordAm\u00e9rique du SudAsieEuropeOc\u00e9anie Liste Carte<\/p>","protected":false},"author":1,"featured_media":0,"parent":0,"menu_order":0,"comment_status":"closed","ping_status":"closed","template":"","meta":{"_seopress_robots_primary_cat":"","_seopress_titles_title":"Les meilleurs s\u00e9jours plong\u00e9e%%sep%% %%sitetitle%%","_seopress_titles_desc":"%%post_date%% %%sep%% %%post_excerpt%%","_seopress_robots_index":"","inline_featured_image":false,"site-sidebar-layout":"no-sidebar","site-content-layout":"page-builder","ast-site-content-layout":"full-width-container","site-content-style":"unboxed","site-sidebar-style":"unboxed","ast-global-header-display":"","ast-banner-title-visibility":"","ast-main-header-display":"","ast-hfb-above-header-display":"","ast-hfb-below-header-display":"","ast-hfb-mobile-header-display":"","site-post-title":"disabled","ast-breadcrumbs-content":"","ast-featured-img":"disabled","footer-sml-layout":"","ast-disable-related-posts":"","theme-transparent-header-meta":"default","adv-header-id-meta":"","stick-header-meta":"","header-above-stick-meta":"","header-main-stick-meta":"","header-below-stick-meta":"","astra-migrate-meta-layouts":"set","ast-page-background-enabled":"default","ast-page-background-meta":{"desktop":{"background-color":"","background-image":"","background-repeat":"repeat","background-position":"center center","background-size":"auto","background-attachment":"scroll","background-type":"","background-media":"","overlay-type":"","overlay-color":"","overlay-opacity":"","overlay-gradient":""},"tablet":{"background-color":"","background-image":"","background-repeat":"repeat","background-position":"center center","background-size":"auto","background-attachment":"scroll","background-type":"","background-media":"","overlay-type":"","overlay-color":"","overlay-opacity":"","overlay-gradient":""},"mobile":{"background-color":"","background-image":"","background-repeat":"repeat","background-position":"center center","background-size":"auto","background-attachment":"scroll","background-type":"","background-media":"","overlay-type":"","overlay-color":"","overlay-opacity":"","overlay-gradient":""}},"ast-content-background-meta":{"desktop":{"background-color":"var(--ast-global-color-5)","background-image":"","background-repeat":"repeat","background-position":"center center","background-size":"auto","background-attachment":"scroll","background-type":"","background-media":"","overlay-type":"","overlay-color":"","overlay-opacity":"","overlay-gradient":""},"tablet":{"background-color":"var(--ast-global-color-5)","background-image":"","background-repeat":"repeat","background-position":"center center","background-size":"auto","background-attachment":"scroll","background-type":"","background-media":"","overlay-type":"","overlay-color":"","overlay-opacity":"","overlay-gradient":""},"mobile":{"background-color":"var(--ast-global-color-5)","background-image":"","background-repeat":"repeat","background-position":"center center","background-size":"auto","background-attachment":"scroll","background-type":"","background-media":"","overlay-type":"","overlay-color":"","overlay-opacity":"","overlay-gradient":""}},"_joinchat":{"telephone":"+33768761453"},"footnotes":""},"class_list":["post-202","page","type-page","status-publish","hentry"],"_links":{"self":[{"href":"https:\/\/360-dive.com\/en\/wp-json\/wp\/v2\/pages\/202","targetHints":{"allow":["GET"]}}],"collection":[{"href":"https:\/\/360-dive.com\/en\/wp-json\/wp\/v2\/pages"}],"about":[{"href":"https:\/\/360-dive.com\/en\/wp-json\/wp\/v2\/types\/page"}],"author":[{"embeddable":true,"href":"https:\/\/360-dive.com\/en\/wp-json\/wp\/v2\/users\/1"}],"replies":[{"embeddable":true,"href":"https:\/\/360-dive.com\/en\/wp-json\/wp\/v2\/comments?post=202"}],"version-history":[{"count":0,"href":"https:\/\/360-dive.com\/en\/wp-json\/wp\/v2\/pages\/202\/revisions"}],"wp:attachment":[{"href":"https:\/\/360-dive.com\/en\/wp-json\/wp\/v2\/media?parent=202"}],"curies":[{"name":"wp","href":"https:\/\/api.w.org\/{rel}","templated":true}]}}