{"id":1375120,"date":"2022-01-05T12:00:37","date_gmt":"2022-01-05T11:00:37","guid":{"rendered":"https:\/\/360dive.onpressidium.com\/?page_id=1375120"},"modified":"2022-07-28T19:04:02","modified_gmt":"2022-07-28T17:04:02","slug":"infos-covid-19","status":"publish","type":"page","link":"https:\/\/360-dive.com\/en\/infos-covid-19\/","title":{"rendered":"COVID-19 info"},"content":{"rendered":"\n\n\t\t<div id=\"slider1_container\">\r\n\t\t<div id=\"slider1\"><\/div>\r\n\t\t<div id=\"input_amounts\">\r\n\t\t\t<div>\r\n\t\t\t\t<label for=\"amount1\">Prix minimum<\/label>\r\n\t\t\t\t<input type=\"text\" id=\"amount1\" value=\"0\" readonly>\r\n\t\t\t<\/div>\r\n\t\t\t<div>\r\n\t\t\t\t<label for=\"amount2\">Prix maximum<\/label>\r\n\t\t\t\t<input type=\"text\" id=\"amount2\" value=\"10000\" readonly>\r\n\t\t\t<\/div>\r\n\t\t<\/div>\r\n\t\t<div id=\"slider_valid\">Valider et fermer<\/div>\r\n\t<\/div>\r\n\t<link rel=\"stylesheet\" href=\"\/\/code.jquery.com\/ui\/1.12.1\/themes\/base\/jquery-ui.css\">\r\n\t<script src=\"https:\/\/code.jquery.com\/ui\/1.12.1\/jquery-ui.js\"><\/script>\r\n\t<script>\r\n\tjQuery(document).ready(function( $ ){\r\n\t\t$( '#slider1' ).slider({\r\n\t\t\trange: true,\r\n\t\t\tvalues: [ 0, 10000 ],\r\n\t\t\tmin: 0,\r\n\t\t\tmax: 10000,\r\n\t\t\tstep: 100,\r\n\t\t\tslide: function( event, ui ) {\r\n\t\t\t\t$( '#amount1' ).val( ui.values[ 0 ] + ' \u20ac' );\r\n\t\t\t\t$( '#amount2' ).val( ui.values[ 1 ] + ' \u20ac' );\r\n\t\t\t\t$( '#input_2_2' ).val( ui.values[ 0 ] + ' \u20ac \u00e0 ' + ui.values[ 1 ] + ' \u20ac' );\r\n\t\t\t}\r\n\t\t});\r\n\t});\r\n\t<\/script>\r\n\t\n\t<nav  aria-label=\"breadcrumb\"><ol class=\"breadcrumb\" itemscope itemtype=\"https:\/\/schema.org\/BreadcrumbList\"><li class=\"breadcrumb-item active\" aria-current=\"page\" itemprop=\"itemListElement\" itemscope itemtype=\"https:\/\/schema.org\/ListItem\"><span itemprop=\"name\">Home<\/span><meta itemprop=\"position\" content=\"1\"><\/li><\/ol><\/nav>\n<h1>\n\t\tInfos COVID-19\n\t<\/h1>\n\t\t<h2>\n\t\t\tChers plongeurs,\n\t\t<\/h2>\n\t<p>La crise sanitaire actuelle nous oblige \u00e0 modifier temporairement notre catalogue de prestations, nous restons cependant enti\u00e8rement d\u00e9vou\u00e9s \u00e0 l&rsquo;\u00e9laboration de vos projets de s\u00e9jour et restons joignables par email, t\u00e9l\u00e9phone et WhatsApp.<\/p>\n<h4>\n\t\tUne assurance COVID-19 d\u00e9j\u00e0 mise en place\n\t<\/h4>\n\t<p>En plus de la possibilit\u00e9 de reporter sans aucun frais votre s\u00e9jour en cas d&rsquo;impossibilit\u00e9, nous vous proposons \u00e9galement de changer votre destination, voir de fractionner les montants d\u00e9j\u00e0 pay\u00e9s sur plusieurs nouveaux projets ( <a href=\"https:\/\/360-dive.com\/contact\/\">nous contacter<\/a> ).<\/p>\n<p>Nos partenaires a\u00e9riens int\u00e8grent \u00e9galement une assurance COVID-19 pour vous assurer une garantie maximale ( report ou remboursement ).<\/p>\n<p>Vous l&rsquo;aurez compris, notre m\u00e9tier d&rsquo;agent de voyage prend tout son sens en ces temps agit\u00e9s, nous mettons toute notre \u00e9nergie \u00e0 suivre vos dossiers, une chose est s\u00fbr : nous serons pr\u00e9sents !<\/p>\n<p>Prenez soin de vous, et \u00e0 tr\u00e8s bient\u00f4t dans les plus beaux spots de plong\u00e9e du monde, dans les meilleures conditions possibles.<\/p>\nMatthieu Ruty,<br \/>\nDirecteur g\u00e9n\u00e9ral de 360\u00b0surf\n\n","protected":false},"excerpt":{"rendered":"<p>Infos COVID-19 Chers plongeurs, La crise sanitaire actuelle nous oblige \u00e0 modifier temporairement notre catalogue de prestations, nous restons cependant enti\u00e8rement d\u00e9vou\u00e9s \u00e0 l&rsquo;\u00e9laboration de vos projets de s\u00e9jour et restons joignables par email, t\u00e9l\u00e9phone et WhatsApp. Une assurance COVID-19 d\u00e9j\u00e0 mise en place En plus de la possibilit\u00e9 de reporter sans aucun frais votre [&hellip;]<\/p>\n","protected":false},"author":1,"featured_media":0,"parent":0,"menu_order":0,"comment_status":"closed","ping_status":"closed","template":"","meta":{"_seopress_robots_primary_cat":"","_seopress_titles_title":"","_seopress_titles_desc":"","_seopress_robots_index":"","inline_featured_image":false,"site-sidebar-layout":"no-sidebar","site-content-layout":"page-builder","ast-site-content-layout":"default","site-content-style":"default","site-sidebar-style":"default","ast-global-header-display":"","ast-banner-title-visibility":"","ast-main-header-display":"","ast-hfb-above-header-display":"","ast-hfb-below-header-display":"","ast-hfb-mobile-header-display":"","site-post-title":"disabled","ast-breadcrumbs-content":"","ast-featured-img":"disabled","footer-sml-layout":"","ast-disable-related-posts":"","theme-transparent-header-meta":"","adv-header-id-meta":"","stick-header-meta":"","header-above-stick-meta":"","header-main-stick-meta":"","header-below-stick-meta":"","astra-migrate-meta-layouts":"default","ast-page-background-enabled":"default","ast-page-background-meta":{"desktop":{"background-color":"","background-image":"","background-repeat":"repeat","background-position":"center center","background-size":"auto","background-attachment":"scroll","background-type":"","background-media":"","overlay-type":"","overlay-color":"","overlay-opacity":"","overlay-gradient":""},"tablet":{"background-color":"","background-image":"","background-repeat":"repeat","background-position":"center center","background-size":"auto","background-attachment":"scroll","background-type":"","background-media":"","overlay-type":"","overlay-color":"","overlay-opacity":"","overlay-gradient":""},"mobile":{"background-color":"","background-image":"","background-repeat":"repeat","background-position":"center center","background-size":"auto","background-attachment":"scroll","background-type":"","background-media":"","overlay-type":"","overlay-color":"","overlay-opacity":"","overlay-gradient":""}},"ast-content-background-meta":{"desktop":{"background-color":"var(--ast-global-color-5)","background-image":"","background-repeat":"repeat","background-position":"center center","background-size":"auto","background-attachment":"scroll","background-type":"","background-media":"","overlay-type":"","overlay-color":"","overlay-opacity":"","overlay-gradient":""},"tablet":{"background-color":"var(--ast-global-color-5)","background-image":"","background-repeat":"repeat","background-position":"center center","background-size":"auto","background-attachment":"scroll","background-type":"","background-media":"","overlay-type":"","overlay-color":"","overlay-opacity":"","overlay-gradient":""},"mobile":{"background-color":"var(--ast-global-color-5)","background-image":"","background-repeat":"repeat","background-position":"center center","background-size":"auto","background-attachment":"scroll","background-type":"","background-media":"","overlay-type":"","overlay-color":"","overlay-opacity":"","overlay-gradient":""}},"_joinchat":[],"footnotes":""},"class_list":["post-1375120","page","type-page","status-publish","hentry"],"_links":{"self":[{"href":"https:\/\/360-dive.com\/en\/wp-json\/wp\/v2\/pages\/1375120","targetHints":{"allow":["GET"]}}],"collection":[{"href":"https:\/\/360-dive.com\/en\/wp-json\/wp\/v2\/pages"}],"about":[{"href":"https:\/\/360-dive.com\/en\/wp-json\/wp\/v2\/types\/page"}],"author":[{"embeddable":true,"href":"https:\/\/360-dive.com\/en\/wp-json\/wp\/v2\/users\/1"}],"replies":[{"embeddable":true,"href":"https:\/\/360-dive.com\/en\/wp-json\/wp\/v2\/comments?post=1375120"}],"version-history":[{"count":0,"href":"https:\/\/360-dive.com\/en\/wp-json\/wp\/v2\/pages\/1375120\/revisions"}],"wp:attachment":[{"href":"https:\/\/360-dive.com\/en\/wp-json\/wp\/v2\/media?parent=1375120"}],"curies":[{"name":"wp","href":"https:\/\/api.w.org\/{rel}","templated":true}]}}