{"id":11,"date":"2020-03-05T14:11:54","date_gmt":"2020-03-05T13:11:54","guid":{"rendered":"https:\/\/360dive.onpressidium.com\/?page_id=11"},"modified":"2026-03-12T11:47:07","modified_gmt":"2026-03-12T10:47:07","slug":"accueil","status":"publish","type":"page","link":"https:\/\/360-dive.com\/en\/","title":{"rendered":"Home"},"content":{"rendered":"\r\n\t<div id=\"slider1_container\">\r\n\t\t<div id=\"slider1\"><\/div>\r\n\t\t<div id=\"input_amounts\">\r\n\t\t\t<div>\r\n\t\t\t\t<label for=\"amount1\">Prix minimum<\/label>\r\n\t\t\t\t<input type=\"text\" id=\"amount1\" value=\"0\" readonly>\r\n\t\t\t<\/div>\r\n\t\t\t<div>\r\n\t\t\t\t<label for=\"amount2\">Prix maximum<\/label>\r\n\t\t\t\t<input type=\"text\" id=\"amount2\" value=\"10000\" readonly>\r\n\t\t\t<\/div>\r\n\t\t<\/div>\r\n\t\t<div id=\"slider_valid\">Valider et fermer<\/div>\r\n\t<\/div>\r\n\t<link rel=\"stylesheet\" href=\"\/\/code.jquery.com\/ui\/1.12.1\/themes\/base\/jquery-ui.css\">\r\n\t<script src=\"https:\/\/code.jquery.com\/ui\/1.12.1\/jquery-ui.js\"><\/script>\r\n\t<script>\r\n\tjQuery(document).ready(function( $ ){\r\n\t\t$( '#slider1' ).slider({\r\n\t\t\trange: true,\r\n\t\t\tvalues: [ 0, 10000 ],\r\n\t\t\tmin: 0,\r\n\t\t\tmax: 10000,\r\n\t\t\tstep: 100,\r\n\t\t\tslide: function( event, ui ) {\r\n\t\t\t\t$( '#amount1' ).val( ui.values[ 0 ] + ' \u20ac' );\r\n\t\t\t\t$( '#amount2' ).val( ui.values[ 1 ] + ' \u20ac' );\r\n\t\t\t\t$( '#input_2_2' ).val( ui.values[ 0 ] + ' \u20ac \u00e0 ' + ui.values[ 1 ] + ' \u20ac' );\r\n\t\t\t}\r\n\t\t});\r\n\t});\r\n\t<\/script>\r\n\t\r\n<h1>Voyages &amp; stages de plong\u00e9e<\/h1>\r\n<p>Vos <strong>vacances dive <\/strong>tout compris dans les meilleurs spots du monde !<br \/>\u00c7a vous tente ? D\u00e9couvrez toutes nos formules <strong>cours de plong\u00e9e<\/strong>, <strong>Dive &amp; Stay<\/strong>, <strong>Dive coaching<\/strong> et nos packs <strong>h\u00e9bergements &amp; navigations surveill\u00e9es<\/strong>. Toutes nos destinations sont r\u00e9guli\u00e8rement test\u00e9es et approuv\u00e9es par nos <strong>experts en voyages plong\u00e9e<\/strong>.<\/p>\r\n<h2>Les destinations plong\u00e9e du moment La s\u00e9lection 360 Travel<\/h2>\r\n<p>\t<link rel=\"stylesheet\" type=\"text\/css\" href=\"\/\/cdn.jsdelivr.net\/npm\/slick-carousel@1.8.1\/slick\/slick.css\"\/>\r\n\t<div class=\"slider_destinations_moment\">\r\n\t\t\t<div class=\"slider_panel\" style=\"position: relative; background: url('https:\/\/360-dive.com\/wp-content\/uploads\/2026\/03\/hhach-flic-en-flac-beach-7273767_1280.webp');\">\r\n\t\t\t<a style=\"display: block; z-index: 2; position: absolute; left: 0; top: 0; width: 100%; height: 100%;\" href=\"https:\/\/360-dive.com\/en\/pays\/ile-maurice\/\"><\/a>\r\n\t\t\t<div class=\"slider_panel_content\">\r\n\t\t\t\t<h3><a href=\"https:\/\/360-dive.com\/en\/pays\/ile-maurice\/\">\u00cele Maurice<\/a><\/h3>\r\n\t\t\t\t<h4><a href=\"https:\/\/360-dive.com\/en\/pays\/ile-maurice\/\">Afrique<\/a><\/h4>\r\n\t\t\t\t<a class=\"link_slider\">\u00c0 partir de 342 \u20ac<\/a>\r\n\t\t\t<\/div>\r\n\t\t<\/div>\r\n\t\t\t\t<div class=\"slider_panel\" style=\"position: relative; background: url('https:\/\/360-dive.com\/wp-content\/uploads\/2024\/12\/francisco-jesus-navarro-hernandez-dtCTfjTEOgg-unsplash-scaled.jpg');\">\r\n\t\t\t<a style=\"display: block; z-index: 2; position: absolute; left: 0; top: 0; width: 100%; height: 100%;\" href=\"https:\/\/360-dive.com\/en\/pays\/iles-canaries\/\"><\/a>\r\n\t\t\t<div class=\"slider_panel_content\">\r\n\t\t\t\t<h3><a href=\"https:\/\/360-dive.com\/en\/pays\/iles-canaries\/\">\u00celes Canaries<\/a><\/h3>\r\n\t\t\t\t<h4><a href=\"https:\/\/360-dive.com\/en\/pays\/iles-canaries\/\">Europe<\/a><\/h4>\r\n\t\t\t\t<a class=\"link_slider\">\u00c0 partir de 1250 \u20ac<\/a>\r\n\t\t\t<\/div>\r\n\t\t<\/div>\r\n\t\t\t\t<div class=\"slider_panel\" style=\"position: relative; background: url('https:\/\/360-dive.com\/wp-content\/uploads\/2022\/12\/pexels-asad-photo-maldives-1268869-scaled-e1671544950736.jpg');\">\r\n\t\t\t<a style=\"display: block; z-index: 2; position: absolute; left: 0; top: 0; width: 100%; height: 100%;\" href=\"https:\/\/360-dive.com\/en\/pays\/maldives\/\"><\/a>\r\n\t\t\t<div class=\"slider_panel_content\">\r\n\t\t\t\t<h3><a href=\"https:\/\/360-dive.com\/en\/pays\/maldives\/\">Maldives<\/a><\/h3>\r\n\t\t\t\t<h4><a href=\"https:\/\/360-dive.com\/en\/pays\/maldives\/\">Asie<\/a><\/h4>\r\n\t\t\t\t<a class=\"link_slider\">\u00c0 partir de  \u20ac<\/a>\r\n\t\t\t<\/div>\r\n\t\t<\/div>\r\n\t\t\t\t<div class=\"slider_panel\" style=\"position: relative; background: url('https:\/\/360-dive.com\/wp-content\/uploads\/2023\/10\/phillipines.jpeg');\">\r\n\t\t\t<a style=\"display: block; z-index: 2; position: absolute; left: 0; top: 0; width: 100%; height: 100%;\" href=\"https:\/\/360-dive.com\/en\/pays\/philippines\/\"><\/a>\r\n\t\t\t<div class=\"slider_panel_content\">\r\n\t\t\t\t<h3><a href=\"https:\/\/360-dive.com\/en\/pays\/philippines\/\">Philippines<\/a><\/h3>\r\n\t\t\t\t<h4><a href=\"https:\/\/360-dive.com\/en\/pays\/philippines\/\">Afrique<\/a><\/h4>\r\n\t\t\t\t<a class=\"link_slider\">\u00c0 partir de 254 \u20ac<\/a>\r\n\t\t\t<\/div>\r\n\t\t<\/div>\r\n\t\t\t<\/div>\r\n\t<script type=\"text\/javascript\" src=\"\/\/cdn.jsdelivr.net\/npm\/slick-carousel@1.8.1\/slick\/slick.min.js\"><\/script>\r\n\t<script>\r\n\tjQuery(document).ready(function( $ ){\r\n\t\t$('.slider_destinations_moment').slick({\r\n\t\t\tslidesToShow: 4,\r\n\t\t\tslidesToScroll: 1,\r\n\t\t\tinfinite: true,\r\n\t\t\tspeed: 500,\r\n\t\t\tautoplay: true,\r\n\t\t\tappendArrows: '#slider_arrows',\r\n\t\t\tprevArrow: '#prev_arrow',\r\n\t\t\tnextArrow: '#next_arrow',\r\n\t\t\tvariableWidth: true\r\n\t\t});\r\n\t});\r\n\t<\/script>\r\n\t <a role=\"button\" href=\"https:\/\/360-dive.com\/sejours-plongee\/\" target=\"_self\" aria-label=\"Toutes les destinations\"> Toutes les destinations <\/a><\/p>\r\n<h2>Ce qu&rsquo;on fait pour vous Les avantages<\/h2>\r\n<p><img decoding=\"async\" title=\"icon-best-price\" src=\"https:\/\/360-dive.com\/wp-content\/uploads\/2021\/05\/icon-best-price.svg\" alt=\"icon-best-price\" \/><\/p>\r\n<h3>Rapport qualit\u00e9 prix<\/h3>\r\n<p>Notre agence de voyage s&rsquo;engage \u00e0 trouver le meilleur rapport qualit\u00e9\/prix pour votre s\u00e9jour plong\u00e9e. Nous n\u00e9gocions directement avec nos partenaires nos modes de r\u00e9mun\u00e9ration, de ce fait vous <strong>b\u00e9n\u00e9ficierez du m\u00eame prix que vous passiez en direct ou avec nous<\/strong> (le service et l&rsquo;assurance d&rsquo;une vrai agence de voyage en plus).<\/p>\r\n<p><img decoding=\"async\" title=\"icon-check\" src=\"https:\/\/360-dive.com\/wp-content\/uploads\/2021\/05\/icon-check.svg\" alt=\"icon-check\" \/><\/p>\r\n<h3>Destinations Certifi\u00e9es<\/h3>\r\n<p>Toutes nos destinations sont v\u00e9rifi\u00e9es par nos soins, nous nous engageons \u00e0 travailler uniquement avec des structures comp\u00e9tentes et \u00e0 jour sur les normes de s\u00e9curit\u00e9. Nous cherchons de plus en plus \u00e0 mettre en avant les <strong>divecamps \u00e0 taille humaine et \u00e9co-responsables.<\/strong><\/p>\r\n<p><img decoding=\"async\" title=\"icon-fast\" src=\"https:\/\/360-dive.com\/wp-content\/uploads\/2021\/05\/icon-fast.svg\" alt=\"icon-fast\" \/><\/p>\r\n<h3>R\u00e9ponses rapides<\/h3>\r\n<p>Nous sommes de vrais humains derni\u00e8re nos \u00e9crans&#8230; Pas de robots ou de r\u00e9ponses automatiques, c&rsquo;est pourquoi nous prenons le temps d&rsquo;\u00e9tudier une par une vos demandes\u00a0<strong>pour vous trouver la meilleure option<\/strong> selon vos envies et votre niveau. Pour tous vos projets, nous essayons de tenir <strong>une r\u00e9ponse dans les 24 heures.<\/strong><\/p>\r\n<p><img decoding=\"async\" title=\"icon-hours\" src=\"https:\/\/360-dive.com\/wp-content\/uploads\/2021\/05\/icon-hours.svg\" alt=\"icon-hours\" \/><\/p>\r\n<h3>7 jours\/7 et 24h\/24<\/h3>\r\n<p>Les demandes sont possibles 7 jours\/7 par t\u00e9l\u00e9phone, mail, r\u00e9seaux sociaux&#8230; Nos conseillers voyage sont disponibles du lundi au samedi de 14 h \u00e0 22 h.<\/p>\r\n<p><a role=\"button\" href=\"https:\/\/360-dive.com\/qui-sommes-nous\/\" target=\"_self\" aria-label=\"En savoir plus sur nous\"> En savoir plus sur nous <\/a><\/p>\r\n<h2>Ils en parlent mieux que nous Avis clients<\/h2>\r\n<p><iframe loading=\"lazy\" src=\"https:\/\/www.societe-des-avis-garantis.fr\/wp-content\/plugins\/ag-core\/widgetFooter.php?id=154\" width=\"100%\" height=\"135\" frameborder=\"0\" marginwidth=\"0\" marginheight=\"0\" scrolling=\"no\"> <\/iframe><\/p>\r\n","protected":false},"excerpt":{"rendered":"<p>Voyages &amp; stages de plong\u00e9e Vos vacances dive tout compris dans les meilleurs spots du monde !\u00c7a vous tente ? D\u00e9couvrez toutes nos formules cours de plong\u00e9e, Dive &amp; Stay, Dive coaching et nos packs h\u00e9bergements &amp; navigations surveill\u00e9es. Toutes nos destinations sont r\u00e9guli\u00e8rement test\u00e9es et approuv\u00e9es par nos experts en voyages plong\u00e9e. Les destinations [&hellip;]<\/p>\n","protected":false},"author":1,"featured_media":0,"parent":0,"menu_order":0,"comment_status":"closed","ping_status":"closed","template":"","meta":{"_seopress_robots_primary_cat":"","_seopress_titles_title":"Les meilleurs voyages et stages de plong\u00e9e %%sep%% %%sitetitle%%","_seopress_titles_desc":"Cours de plong\u00e9e, \u00e0 terre ou en mer, nous vous avons valid\u00e9s plus de 20 destinations plong\u00e9e \u00e0 travers le monde...GO !","_seopress_robots_index":"","inline_featured_image":false,"site-sidebar-layout":"no-sidebar","site-content-layout":"page-builder","ast-site-content-layout":"full-width-container","site-content-style":"unboxed","site-sidebar-style":"unboxed","ast-global-header-display":"","ast-banner-title-visibility":"","ast-main-header-display":"","ast-hfb-above-header-display":"","ast-hfb-below-header-display":"","ast-hfb-mobile-header-display":"","site-post-title":"disabled","ast-breadcrumbs-content":"","ast-featured-img":"disabled","footer-sml-layout":"","ast-disable-related-posts":"","theme-transparent-header-meta":"default","adv-header-id-meta":"","stick-header-meta":"","header-above-stick-meta":"","header-main-stick-meta":"","header-below-stick-meta":"","astra-migrate-meta-layouts":"set","ast-page-background-enabled":"default","ast-page-background-meta":{"desktop":{"background-color":"","background-image":"","background-repeat":"repeat","background-position":"center center","background-size":"auto","background-attachment":"scroll","background-type":"","background-media":"","overlay-type":"","overlay-color":"","overlay-opacity":"","overlay-gradient":""},"tablet":{"background-color":"","background-image":"","background-repeat":"repeat","background-position":"center center","background-size":"auto","background-attachment":"scroll","background-type":"","background-media":"","overlay-type":"","overlay-color":"","overlay-opacity":"","overlay-gradient":""},"mobile":{"background-color":"","background-image":"","background-repeat":"repeat","background-position":"center center","background-size":"auto","background-attachment":"scroll","background-type":"","background-media":"","overlay-type":"","overlay-color":"","overlay-opacity":"","overlay-gradient":""}},"ast-content-background-meta":{"desktop":{"background-color":"var(--ast-global-color-5)","background-image":"","background-repeat":"repeat","background-position":"center center","background-size":"auto","background-attachment":"scroll","background-type":"","background-media":"","overlay-type":"","overlay-color":"","overlay-opacity":"","overlay-gradient":""},"tablet":{"background-color":"var(--ast-global-color-5)","background-image":"","background-repeat":"repeat","background-position":"center center","background-size":"auto","background-attachment":"scroll","background-type":"","background-media":"","overlay-type":"","overlay-color":"","overlay-opacity":"","overlay-gradient":""},"mobile":{"background-color":"var(--ast-global-color-5)","background-image":"","background-repeat":"repeat","background-position":"center center","background-size":"auto","background-attachment":"scroll","background-type":"","background-media":"","overlay-type":"","overlay-color":"","overlay-opacity":"","overlay-gradient":""}},"_joinchat":{"telephone":"+33768761453"},"footnotes":""},"class_list":["post-11","page","type-page","status-publish","hentry"],"_links":{"self":[{"href":"https:\/\/360-dive.com\/en\/wp-json\/wp\/v2\/pages\/11","targetHints":{"allow":["GET"]}}],"collection":[{"href":"https:\/\/360-dive.com\/en\/wp-json\/wp\/v2\/pages"}],"about":[{"href":"https:\/\/360-dive.com\/en\/wp-json\/wp\/v2\/types\/page"}],"author":[{"embeddable":true,"href":"https:\/\/360-dive.com\/en\/wp-json\/wp\/v2\/users\/1"}],"replies":[{"embeddable":true,"href":"https:\/\/360-dive.com\/en\/wp-json\/wp\/v2\/comments?post=11"}],"version-history":[{"count":0,"href":"https:\/\/360-dive.com\/en\/wp-json\/wp\/v2\/pages\/11\/revisions"}],"wp:attachment":[{"href":"https:\/\/360-dive.com\/en\/wp-json\/wp\/v2\/media?parent=11"}],"curies":[{"name":"wp","href":"https:\/\/api.w.org\/{rel}","templated":true}]}}