{"id":4973,"date":"2021-05-17T18:24:02","date_gmt":"2021-05-17T16:24:02","guid":{"rendered":"https:\/\/360dive.onpressidium.com\/?page_id=4973"},"modified":"2023-01-17T15:45:59","modified_gmt":"2023-01-17T14:45:59","slug":"assurances-voyage","status":"publish","type":"page","link":"https:\/\/360-dive.com\/de\/assurances-voyage\/","title":{"rendered":"Reiseversicherung"},"content":{"rendered":"\n\n\t\t<div id=\"slider1_container\">\r\n\t\t<div id=\"slider1\"><\/div>\r\n\t\t<div id=\"input_amounts\">\r\n\t\t\t<div>\r\n\t\t\t\t<label for=\"amount1\">Prix minimum<\/label>\r\n\t\t\t\t<input type=\"text\" id=\"amount1\" value=\"0\" readonly>\r\n\t\t\t<\/div>\r\n\t\t\t<div>\r\n\t\t\t\t<label for=\"amount2\">Prix maximum<\/label>\r\n\t\t\t\t<input type=\"text\" id=\"amount2\" value=\"10000\" readonly>\r\n\t\t\t<\/div>\r\n\t\t<\/div>\r\n\t\t<div id=\"slider_valid\">Valider et fermer<\/div>\r\n\t<\/div>\r\n\t<link rel=\"stylesheet\" href=\"\/\/code.jquery.com\/ui\/1.12.1\/themes\/base\/jquery-ui.css\">\r\n\t<script src=\"https:\/\/code.jquery.com\/ui\/1.12.1\/jquery-ui.js\"><\/script>\r\n\t<script>\r\n\tjQuery(document).ready(function( $ ){\r\n\t\t$( '#slider1' ).slider({\r\n\t\t\trange: true,\r\n\t\t\tvalues: [ 0, 10000 ],\r\n\t\t\tmin: 0,\r\n\t\t\tmax: 10000,\r\n\t\t\tstep: 100,\r\n\t\t\tslide: function( event, ui ) {\r\n\t\t\t\t$( '#amount1' ).val( ui.values[ 0 ] + ' \u20ac' );\r\n\t\t\t\t$( '#amount2' ).val( ui.values[ 1 ] + ' \u20ac' );\r\n\t\t\t\t$( '#input_2_2' ).val( ui.values[ 0 ] + ' \u20ac \u00e0 ' + ui.values[ 1 ] + ' \u20ac' );\r\n\t\t\t}\r\n\t\t});\r\n\t});\r\n\t<\/script>\r\n\t\n\t<nav  aria-label=\"Brotkrumen\"><ol class=\"breadcrumb\" itemscope itemtype=\"https:\/\/schema.org\/BreadcrumbList\"><li class=\"breadcrumb-item active\" aria-current=\"page\" itemprop=\"itemListElement\" itemscope itemtype=\"https:\/\/schema.org\/ListItem\"><span itemprop=\"name\">Home<\/span><meta itemprop=\"position\" content=\"1\"><\/li><\/ol><\/nav>\n<h1>\n\t\tAssurances voyage\n\t<\/h1>\n\t\t<h2>\n\t\t\tNos formules d&rsquo;assurance\n\t\t\t\t\t\t\t\t\t\t\ten partenariat avec Mutuaide Assistance\n\t\t<\/h2>\n\t<p>Vous nous faites confiance pour l&rsquo;organisation de votre s\u00e9jour surf et nous vous en remercions. Pour pr\u00e9voir les impr\u00e9vus, nous vous proposons les formules d&rsquo;assurances de Presence Assistance Tourisme, r\u00e9f\u00e9rence reconnue dans le monde de l&rsquo;assurance voyage.<\/p>\n<h3>\n\t\tMultirisques Pack\n\t<\/h3>\n\tLa meilleure garantie s\u00e9jour pour partir en toute s\u00e9r\u00e9nit\u00e9! Annulation, perte bagage, \u00e9pid\u00e9mie, d\u00e9part manqu\u00e9, interruption de s\u00e9jour&#8230; Toutes les meilleures garanties essentielles \u00e0 un bon s\u00e9jour.\n\t<a href=\"https:\/\/360-dive.com\/wp-content\/uploads\/2023\/01\/pack-8500.pdf\" target=\"_blank\" role=\"button\" rel=\"noopener\" aria-label=\"T\u00e9l\u00e9charger la plaquette\">\n\t\t\t\t\t\tT\u00e9l\u00e9charger la plaquette\n\t\t\t\t\t<\/a>\n<h3>\n\t\tAssurance multirisques simple\n\t<\/h3>\n\tPack multirisque en version all\u00e9g\u00e9e ( pas de prise en charge de risque \u00e9pid\u00e9mique )\n\t<a href=\"https:\/\/360-dive.com\/wp-content\/uploads\/2023\/01\/multirisques-6746.pdf\" target=\"_blank\" role=\"button\" rel=\"noopener\" aria-label=\"T\u00e9l\u00e9charger la plaquette\">\n\t\t\t\t\t\tT\u00e9l\u00e9charger la plaquette\n\t\t\t\t\t<\/a>\n<h3>\n\t\tSolution annulation\n\t<\/h3>\n\t<p>Couvrez vous en cas d&rsquo;annulation de s\u00e9jour et en cas de probl\u00e8me avec vos bagages.<\/p>\n\t<a href=\"https:\/\/360-dive.com\/wp-content\/uploads\/2023\/01\/annulation-bagages-8501.pdf\" target=\"_blank\" role=\"button\" rel=\"noopener\" aria-label=\"T\u00e9l\u00e9charger la plaquette\">\n\t\t\t\t\t\tT\u00e9l\u00e9charger la plaquette\n\t\t\t\t\t<\/a>\n\n","protected":false},"excerpt":{"rendered":"<p>Assurances voyage Nos formules d&rsquo;assurance en partenariat avec Mutuaide Assistance Vous nous faites confiance pour l&rsquo;organisation de votre s\u00e9jour surf et nous vous en remercions. Pour pr\u00e9voir les impr\u00e9vus, nous vous proposons les formules d&rsquo;assurances de Presence Assistance Tourisme, r\u00e9f\u00e9rence reconnue dans le monde de l&rsquo;assurance voyage. Multirisques Pack La meilleure garantie s\u00e9jour pour partir [&hellip;]<\/p>\n","protected":false},"author":1,"featured_media":0,"parent":0,"menu_order":0,"comment_status":"closed","ping_status":"closed","template":"","meta":{"_seopress_robots_primary_cat":"","_seopress_titles_title":"","_seopress_titles_desc":"","_seopress_robots_index":"","inline_featured_image":false,"site-sidebar-layout":"no-sidebar","site-content-layout":"page-builder","ast-site-content-layout":"default","site-content-style":"default","site-sidebar-style":"default","ast-global-header-display":"","ast-banner-title-visibility":"","ast-main-header-display":"","ast-hfb-above-header-display":"","ast-hfb-below-header-display":"","ast-hfb-mobile-header-display":"","site-post-title":"disabled","ast-breadcrumbs-content":"","ast-featured-img":"disabled","footer-sml-layout":"","ast-disable-related-posts":"","theme-transparent-header-meta":"default","adv-header-id-meta":"","stick-header-meta":"","header-above-stick-meta":"","header-main-stick-meta":"","header-below-stick-meta":"","astra-migrate-meta-layouts":"default","ast-page-background-enabled":"default","ast-page-background-meta":{"desktop":{"background-color":"","background-image":"","background-repeat":"repeat","background-position":"center center","background-size":"auto","background-attachment":"scroll","background-type":"","background-media":"","overlay-type":"","overlay-color":"","overlay-opacity":"","overlay-gradient":""},"tablet":{"background-color":"","background-image":"","background-repeat":"repeat","background-position":"center center","background-size":"auto","background-attachment":"scroll","background-type":"","background-media":"","overlay-type":"","overlay-color":"","overlay-opacity":"","overlay-gradient":""},"mobile":{"background-color":"","background-image":"","background-repeat":"repeat","background-position":"center center","background-size":"auto","background-attachment":"scroll","background-type":"","background-media":"","overlay-type":"","overlay-color":"","overlay-opacity":"","overlay-gradient":""}},"ast-content-background-meta":{"desktop":{"background-color":"var(--ast-global-color-5)","background-image":"","background-repeat":"repeat","background-position":"center center","background-size":"auto","background-attachment":"scroll","background-type":"","background-media":"","overlay-type":"","overlay-color":"","overlay-opacity":"","overlay-gradient":""},"tablet":{"background-color":"var(--ast-global-color-5)","background-image":"","background-repeat":"repeat","background-position":"center center","background-size":"auto","background-attachment":"scroll","background-type":"","background-media":"","overlay-type":"","overlay-color":"","overlay-opacity":"","overlay-gradient":""},"mobile":{"background-color":"var(--ast-global-color-5)","background-image":"","background-repeat":"repeat","background-position":"center center","background-size":"auto","background-attachment":"scroll","background-type":"","background-media":"","overlay-type":"","overlay-color":"","overlay-opacity":"","overlay-gradient":""}},"_joinchat":[],"footnotes":""},"class_list":["post-4973","page","type-page","status-publish","hentry"],"_links":{"self":[{"href":"https:\/\/360-dive.com\/de\/wp-json\/wp\/v2\/pages\/4973","targetHints":{"allow":["GET"]}}],"collection":[{"href":"https:\/\/360-dive.com\/de\/wp-json\/wp\/v2\/pages"}],"about":[{"href":"https:\/\/360-dive.com\/de\/wp-json\/wp\/v2\/types\/page"}],"author":[{"embeddable":true,"href":"https:\/\/360-dive.com\/de\/wp-json\/wp\/v2\/users\/1"}],"replies":[{"embeddable":true,"href":"https:\/\/360-dive.com\/de\/wp-json\/wp\/v2\/comments?post=4973"}],"version-history":[{"count":0,"href":"https:\/\/360-dive.com\/de\/wp-json\/wp\/v2\/pages\/4973\/revisions"}],"wp:attachment":[{"href":"https:\/\/360-dive.com\/de\/wp-json\/wp\/v2\/media?parent=4973"}],"curies":[{"name":"wp","href":"https:\/\/api.w.org\/{rel}","templated":true}]}}