{"id":4972,"date":"2021-05-17T18:24:14","date_gmt":"2021-05-17T16:24:14","guid":{"rendered":"https:\/\/360dive.onpressidium.com\/?page_id=4972"},"modified":"2022-07-28T19:03:16","modified_gmt":"2022-07-28T17:03:16","slug":"modalites-et-moyens-de-paiement","status":"publish","type":"page","link":"https:\/\/360-dive.com\/de\/modalites-et-moyens-de-paiement\/","title":{"rendered":"Zahlungsbedingungen und -modalit\u00e4ten"},"content":{"rendered":"\n\n\t\t<div id=\"slider1_container\">\r\n\t\t<div id=\"slider1\"><\/div>\r\n\t\t<div id=\"input_amounts\">\r\n\t\t\t<div>\r\n\t\t\t\t<label for=\"amount1\">Prix minimum<\/label>\r\n\t\t\t\t<input type=\"text\" id=\"amount1\" value=\"0\" readonly>\r\n\t\t\t<\/div>\r\n\t\t\t<div>\r\n\t\t\t\t<label for=\"amount2\">Prix maximum<\/label>\r\n\t\t\t\t<input type=\"text\" id=\"amount2\" value=\"10000\" readonly>\r\n\t\t\t<\/div>\r\n\t\t<\/div>\r\n\t\t<div id=\"slider_valid\">Valider et fermer<\/div>\r\n\t<\/div>\r\n\t<link rel=\"stylesheet\" href=\"\/\/code.jquery.com\/ui\/1.12.1\/themes\/base\/jquery-ui.css\">\r\n\t<script src=\"https:\/\/code.jquery.com\/ui\/1.12.1\/jquery-ui.js\"><\/script>\r\n\t<script>\r\n\tjQuery(document).ready(function( $ ){\r\n\t\t$( '#slider1' ).slider({\r\n\t\t\trange: true,\r\n\t\t\tvalues: [ 0, 10000 ],\r\n\t\t\tmin: 0,\r\n\t\t\tmax: 10000,\r\n\t\t\tstep: 100,\r\n\t\t\tslide: function( event, ui ) {\r\n\t\t\t\t$( '#amount1' ).val( ui.values[ 0 ] + ' \u20ac' );\r\n\t\t\t\t$( '#amount2' ).val( ui.values[ 1 ] + ' \u20ac' );\r\n\t\t\t\t$( '#input_2_2' ).val( ui.values[ 0 ] + ' \u20ac \u00e0 ' + ui.values[ 1 ] + ' \u20ac' );\r\n\t\t\t}\r\n\t\t});\r\n\t});\r\n\t<\/script>\r\n\t\n\t<nav  aria-label=\"Brotkrumen\"><ol class=\"breadcrumb\" itemscope itemtype=\"https:\/\/schema.org\/BreadcrumbList\"><li class=\"breadcrumb-item active\" aria-current=\"page\" itemprop=\"itemListElement\" itemscope itemtype=\"https:\/\/schema.org\/ListItem\"><span itemprop=\"name\">Home<\/span><meta itemprop=\"position\" content=\"1\"><\/li><\/ol><\/nav>\n<h1>\n\t\tLe paiement\n\t<\/h1>\n\t\t<h2>\n\t\t\tModalit\u00e9s et moyens de paiement\n\t\t\t\t\t\t\t\t\t\t\tdurant votre s\u00e9jour plong\u00e9e avec 360\u00b0 Travel\n\t\t<\/h2>\n<h3>\n\t\tLes \u00e9tapes\n\t<\/h3>\n\t\t\t<h4>1 &#8211; Le devis<\/h4>\t\t\t\n\t\t\t\t<p>A r\u00e9ception de votre demande, nous vous envoyons un devis. Si celui-ci est valid\u00e9 par vos soins, nous vous faisons parvenir un contrat<\/p>\n\t\t\t<h4>2 &#8211; Signature du contrat<\/h4>\t\t\t\n\t\t\t\t<p>Vous recevez par mail votre contrat reprenant tous les points de votre s\u00e9jour. Avec le contrat, il y a une demande de paiement d&rsquo;acompte (entre 20% et 50% du prix total).<\/p>\n\t\t\t<h4>3 &#8211; R\u00e8glement de l&rsquo;acompte<\/h4>\t\t\t\n\t\t\t\t<p>Vous r\u00e9glez l&rsquo;acompte par le moyen de paiement de votre choix.\u00a0Pour tous les s\u00e9jours, le solde doit \u00eatre r\u00e9gl\u00e9 30 jours avant le d\u00e9part.<\/p>\n\t\t\t<h4>4 &#8211; Let&rsquo;s dive !<\/h4>\t\t\t\n\t\t\t\t<p>C&rsquo;est tout ! Profitez bien de votre s\u00e9jour plong\u00e9e avec 360\u00b0 Travel !<\/p>\n<h3>\n\t\tLes moyens de paiement\n\t<\/h3>\n\t<p>Nous acceptons la plupart des moyens de paiement :<\/p>\n\t\t\t\t<img decoding=\"async\" src=\"https:\/\/360-dive.com\/wp-content\/uploads\/2021\/06\/ico_cheque.svg\" alt=\"ico_cheque\" title=\"ico_cheque\" itemprop=\"image\"\/>\n\t\t\t\t<p>Ch\u00e8que bancaire fran\u00e7ais<\/p>\n\t\t\t\t<img decoding=\"async\" src=\"https:\/\/360-dive.com\/wp-content\/uploads\/2021\/06\/ico_cb.svg\" alt=\"ico_cb\" title=\"ico_cb\" itemprop=\"image\"\/>\n\t\t\t\t<p>Carte bancaire (paiement s\u00e9curis\u00e9)<\/p>\n\t\t\t\t<img decoding=\"async\" src=\"https:\/\/360-dive.com\/wp-content\/uploads\/2021\/06\/ico_vrt.svg\" alt=\"ico_vrt\" title=\"ico_vrt\" itemprop=\"image\"\/>\n\t\t\t\t<p>Virement bancaire<\/p>\n\t\t\t\t<img loading=\"lazy\" decoding=\"async\" src=\"https:\/\/360-dive.com\/wp-content\/uploads\/2021\/06\/cheque_vacances.jpg\" alt=\"cheque_vacances\" itemprop=\"image\" height=\"96\" width=\"100\" title=\"cheque_vacances\" onerror=\"this.style.display='none'\"  \/>\n<h3>\n\t\tId\u00e9e : Cr\u00e9\u00e9z votre cagnotte pour financer votre surf trip\n\t<\/h3>\n\t\t\t\t<a href=\"https:\/\/www.leetchi.com\/fr\" target=\"_blank\" rel=\"noopener nofollow\" itemprop=\"url\">\n\t\t\t\t<img loading=\"lazy\" decoding=\"async\" src=\"https:\/\/360-dive.com\/wp-content\/uploads\/2021\/06\/logo-leetchi.jpg\" alt=\"logo-leetchi\" itemprop=\"image\" height=\"88\" width=\"200\" title=\"logo-leetchi\" onerror=\"this.style.display='none'\"  \/>\n\t\t\t\t<\/a>\n\t<p>Vous avez l&rsquo;id\u00e9e d&rsquo;un voyage kite de r\u00eave mais vous avez du mal \u00e0 avoir le budget ? En partenariat avec Leetchi, nous vous proposons de cr\u00e9er votre cagnotte sur internet, de cette fa\u00e7on vos proches pourrons vous aider \u00e0 r\u00e9aliser votre r\u00eave et seront s\u00fbrs de viser juste !<\/p>\n<p><a href=\"https:\/\/www.leetchi.com\/fr\" target=\"_blank\" rel=\"noopener\">Je cr\u00e9\u00e9 une cagnotte !<\/a><\/p>\n\n","protected":false},"excerpt":{"rendered":"<p>Le paiement Modalit\u00e9s et moyens de paiement durant votre s\u00e9jour plong\u00e9e avec 360\u00b0 Travel Les \u00e9tapes 1 &#8211; Le devis A r\u00e9ception de votre demande, nous vous envoyons un devis. Si celui-ci est valid\u00e9 par vos soins, nous vous faisons parvenir un contrat 2 &#8211; Signature du contrat Vous recevez par mail votre contrat reprenant [&hellip;]<\/p>\n","protected":false},"author":1,"featured_media":0,"parent":0,"menu_order":0,"comment_status":"closed","ping_status":"closed","template":"","meta":{"_seopress_robots_primary_cat":"","_seopress_titles_title":"","_seopress_titles_desc":"","_seopress_robots_index":"","inline_featured_image":false,"site-sidebar-layout":"no-sidebar","site-content-layout":"page-builder","ast-site-content-layout":"default","site-content-style":"default","site-sidebar-style":"default","ast-global-header-display":"","ast-banner-title-visibility":"","ast-main-header-display":"","ast-hfb-above-header-display":"","ast-hfb-below-header-display":"","ast-hfb-mobile-header-display":"","site-post-title":"disabled","ast-breadcrumbs-content":"","ast-featured-img":"disabled","footer-sml-layout":"","ast-disable-related-posts":"","theme-transparent-header-meta":"default","adv-header-id-meta":"","stick-header-meta":"","header-above-stick-meta":"","header-main-stick-meta":"","header-below-stick-meta":"","astra-migrate-meta-layouts":"default","ast-page-background-enabled":"default","ast-page-background-meta":{"desktop":{"background-color":"","background-image":"","background-repeat":"repeat","background-position":"center center","background-size":"auto","background-attachment":"scroll","background-type":"","background-media":"","overlay-type":"","overlay-color":"","overlay-opacity":"","overlay-gradient":""},"tablet":{"background-color":"","background-image":"","background-repeat":"repeat","background-position":"center center","background-size":"auto","background-attachment":"scroll","background-type":"","background-media":"","overlay-type":"","overlay-color":"","overlay-opacity":"","overlay-gradient":""},"mobile":{"background-color":"","background-image":"","background-repeat":"repeat","background-position":"center center","background-size":"auto","background-attachment":"scroll","background-type":"","background-media":"","overlay-type":"","overlay-color":"","overlay-opacity":"","overlay-gradient":""}},"ast-content-background-meta":{"desktop":{"background-color":"var(--ast-global-color-5)","background-image":"","background-repeat":"repeat","background-position":"center center","background-size":"auto","background-attachment":"scroll","background-type":"","background-media":"","overlay-type":"","overlay-color":"","overlay-opacity":"","overlay-gradient":""},"tablet":{"background-color":"var(--ast-global-color-5)","background-image":"","background-repeat":"repeat","background-position":"center center","background-size":"auto","background-attachment":"scroll","background-type":"","background-media":"","overlay-type":"","overlay-color":"","overlay-opacity":"","overlay-gradient":""},"mobile":{"background-color":"var(--ast-global-color-5)","background-image":"","background-repeat":"repeat","background-position":"center center","background-size":"auto","background-attachment":"scroll","background-type":"","background-media":"","overlay-type":"","overlay-color":"","overlay-opacity":"","overlay-gradient":""}},"_joinchat":[],"footnotes":""},"class_list":["post-4972","page","type-page","status-publish","hentry"],"_links":{"self":[{"href":"https:\/\/360-dive.com\/de\/wp-json\/wp\/v2\/pages\/4972","targetHints":{"allow":["GET"]}}],"collection":[{"href":"https:\/\/360-dive.com\/de\/wp-json\/wp\/v2\/pages"}],"about":[{"href":"https:\/\/360-dive.com\/de\/wp-json\/wp\/v2\/types\/page"}],"author":[{"embeddable":true,"href":"https:\/\/360-dive.com\/de\/wp-json\/wp\/v2\/users\/1"}],"replies":[{"embeddable":true,"href":"https:\/\/360-dive.com\/de\/wp-json\/wp\/v2\/comments?post=4972"}],"version-history":[{"count":0,"href":"https:\/\/360-dive.com\/de\/wp-json\/wp\/v2\/pages\/4972\/revisions"}],"wp:attachment":[{"href":"https:\/\/360-dive.com\/de\/wp-json\/wp\/v2\/media?parent=4972"}],"curies":[{"name":"wp","href":"https:\/\/api.w.org\/{rel}","templated":true}]}}