{"id":3,"date":"2020-02-12T14:37:02","date_gmt":"2020-02-12T14:37:02","guid":{"rendered":"https:\/\/360dive.onpressidium.com\/?page_id=3"},"modified":"2022-01-12T15:53:32","modified_gmt":"2022-01-12T14:53:32","slug":"confidentialite-des-donnees","status":"publish","type":"page","link":"https:\/\/360-dive.com\/de\/confidentialite-des-donnees\/","title":{"rendered":"Datenschutz"},"content":{"rendered":"<nav  aria-label=\"Brotkrumen\"><ol class=\"breadcrumb\" itemscope itemtype=\"https:\/\/schema.org\/BreadcrumbList\"><li class=\"breadcrumb-item active\" aria-current=\"page\" itemprop=\"itemListElement\" itemscope itemtype=\"https:\/\/schema.org\/ListItem\"><span itemprop=\"name\">Home<\/span><meta itemprop=\"position\" content=\"1\"><\/li><\/ol><\/nav>\n<h1>\n\t\tDatenschutzbestimmungen\n\t<\/h1>\n\t<p>Devant le d\u00e9veloppement des nouveaux outils de communication, il est n\u00e9cessaire de porter une attention particuli\u00e8re \u00e0 la protection de la vie priv\u00e9e. C&rsquo;est pourquoi, nous nous engageons \u00e0 respecter la confidentialit\u00e9 des renseignements personnels que nous collectons.<\/p>\n<h4>Datenschutzgesetz vom 6. Januar 1978<\/h4>\n<p>Conform\u00e9ment aux articles 39 et suivants de la loi n\u00b0 78-17 du 6 janvier 1978 relative \u00e0 l&rsquo;informatique, aux fichiers et aux libert\u00e9s, toute personne peut obtenir communication et, le cas \u00e9ch\u00e9ant, rectification ou suppression des informations la concernant. Ces donn\u00e9es sont celles que vous aurez volontairement enregistr\u00e9es lors d&rsquo;une demande d&rsquo;informations ou d&rsquo;inscription \u00e0 l&rsquo;un de nos services.<\/p>\nPour exercer ce droit vous pouvez \u00e0 tout moment nous \u00e9crire par email : contact@360-kite.com, ou par courrier \u00e0 l&rsquo;adresse suivante :<br \/>\n360\u00b0 Surf Travel- 95 Avenue des fleurs &#8211; 83100 Toulon\n<h4>Zweck der Verarbeitung personenbezogener Daten<\/h4>\n<p>360\u00b0 Surf Travel s&rsquo;engage \u00e0 prot\u00e9ger la vie priv\u00e9e et les renseignements personnels que les visiteurs peuvent fournir \u00e0 des fins de communication et d&rsquo;information. Ces informations nous sont importantes afin de vous fournir le meilleur service possible.<\/p>\n<p>Les renseignements fournis sont destin\u00e9s \u00e0 g\u00e9rer vos demandes d&rsquo;informations, vos demandes d&rsquo;\u00e9tudes chiffr\u00e9es ou\u00a0votre abonnement \u00e0 nos lettres d&rsquo;informations (newsletters).<\/p>\n<h4>\u00dcbermittlung von personenbezogenen Daten<\/h4>\n<p>360\u00b0 Surf Travel s&rsquo;engage \u00e0 ne pas c\u00e9der ou vendre aucunes informations personnelles vous concernant \u00e0 des tiers ni \u00e0 utiliser ces informations \u00e0 des fins non pr\u00e9vues.<\/p>\n<h4>Sicherheit und Datenschutz<\/h4>\n<p>360\u00b0 Surf Travel s&rsquo;engage \u00e0 prendre toutes les pr\u00e9cautions utiles pour pr\u00e9server la s\u00e9curit\u00e9 des donn\u00e9es et, notamment, emp\u00eacher qu&rsquo;elles soient d\u00e9form\u00e9es, endommag\u00e9es, ou que des tiers non autoris\u00e9s y aient acc\u00e8s.<\/p>\n<h4>Information relative aux \u00ab\u00a0cookies\u00a0\u00bb<\/h4>\nL&rsquo;utilisateur est inform\u00e9 que lors de ses visites sur le site wordpress-551007-5759751.cloudwaysapps.com, un ou des cookies sont susceptible de s&rsquo;installer automatiquement sur son ordinateur. Un cookie est un fichier de petite taille, qui ne permet pas l&rsquo;identification de l&rsquo;utilisateur, mais qui enregistre des informations relatives \u00e0 la navigation d&rsquo;un ordinateur sur un site. Les donn\u00e9es ainsi obtenues visent \u00e0 faciliter la navigation ult\u00e9rieure sur le site, et ont \u00e9galement vocation \u00e0 permettre diverses mesures de fr\u00e9quentation.<br \/>\nLesen Sie mehr auf unserer Cookies-Seite.\n<h4>Erhobene Daten<\/h4>\n<p>360\u00b0 Surf Travel\u00a0peut enregistrer les adresses IP, le pays et la ville de provenance de ses visiteurs, le syst\u00e8me d&rsquo;exploitation utilis\u00e9, et autres informations techniques \u00e0 des fins statistiques dans le but d&rsquo;am\u00e9lioration de ses services.<\/p>\n<p>\u00dcber seine Anfrage- und Kontaktformulare kann 360\u00b0 Travel die folgenden Informationen sammeln:<\/p>\nH\u00f6flichkeit<br \/>\nName<br \/>\nVornamen<br \/>\nUnternehmen<br \/>\nAusge\u00fcbte Position<br \/>\nPostleitzahl<br \/>\nStadt<br \/>\nTelefon<br \/>\nE-Mail Adresse\n<p>Diese Daten werden nur von 360\u00b0 Travel verwendet, um dem Kunden eine Beratung und\/oder einen Gesch\u00e4ftsvorschlag f\u00fcr sein Projekt zukommen lassen zu k\u00f6nnen.<\/p>","protected":false},"excerpt":{"rendered":"<p>Politique de confidentialit\u00e9 Devant le d\u00e9veloppement des nouveaux outils de communication, il est n\u00e9cessaire de porter une attention particuli\u00e8re \u00e0 la protection de la vie priv\u00e9e. C&rsquo;est pourquoi, nous nous engageons \u00e0 respecter la confidentialit\u00e9 des renseignements personnels que nous collectons. Loi Informatique et libert\u00e9s du 6 janvier 1978 Conform\u00e9ment aux articles 39 et suivants [&hellip;]<\/p>\n","protected":false},"author":1,"featured_media":0,"parent":0,"menu_order":0,"comment_status":"closed","ping_status":"open","template":"","meta":{"_seopress_robots_primary_cat":"","_seopress_titles_title":"","_seopress_titles_desc":"","_seopress_robots_index":"yes","inline_featured_image":false,"site-sidebar-layout":"no-sidebar","site-content-layout":"page-builder","ast-site-content-layout":"default","site-content-style":"default","site-sidebar-style":"default","ast-global-header-display":"","ast-banner-title-visibility":"","ast-main-header-display":"","ast-hfb-above-header-display":"","ast-hfb-below-header-display":"","ast-hfb-mobile-header-display":"","site-post-title":"disabled","ast-breadcrumbs-content":"","ast-featured-img":"disabled","footer-sml-layout":"","ast-disable-related-posts":"","theme-transparent-header-meta":"default","adv-header-id-meta":"","stick-header-meta":"","header-above-stick-meta":"","header-main-stick-meta":"","header-below-stick-meta":"","astra-migrate-meta-layouts":"default","ast-page-background-enabled":"default","ast-page-background-meta":{"desktop":{"background-color":"","background-image":"","background-repeat":"repeat","background-position":"center center","background-size":"auto","background-attachment":"scroll","background-type":"","background-media":"","overlay-type":"","overlay-color":"","overlay-opacity":"","overlay-gradient":""},"tablet":{"background-color":"","background-image":"","background-repeat":"repeat","background-position":"center center","background-size":"auto","background-attachment":"scroll","background-type":"","background-media":"","overlay-type":"","overlay-color":"","overlay-opacity":"","overlay-gradient":""},"mobile":{"background-color":"","background-image":"","background-repeat":"repeat","background-position":"center center","background-size":"auto","background-attachment":"scroll","background-type":"","background-media":"","overlay-type":"","overlay-color":"","overlay-opacity":"","overlay-gradient":""}},"ast-content-background-meta":{"desktop":{"background-color":"var(--ast-global-color-5)","background-image":"","background-repeat":"repeat","background-position":"center center","background-size":"auto","background-attachment":"scroll","background-type":"","background-media":"","overlay-type":"","overlay-color":"","overlay-opacity":"","overlay-gradient":""},"tablet":{"background-color":"var(--ast-global-color-5)","background-image":"","background-repeat":"repeat","background-position":"center center","background-size":"auto","background-attachment":"scroll","background-type":"","background-media":"","overlay-type":"","overlay-color":"","overlay-opacity":"","overlay-gradient":""},"mobile":{"background-color":"var(--ast-global-color-5)","background-image":"","background-repeat":"repeat","background-position":"center center","background-size":"auto","background-attachment":"scroll","background-type":"","background-media":"","overlay-type":"","overlay-color":"","overlay-opacity":"","overlay-gradient":""}},"_joinchat":[],"footnotes":""},"class_list":["post-3","page","type-page","status-publish","hentry"],"_links":{"self":[{"href":"https:\/\/360-dive.com\/de\/wp-json\/wp\/v2\/pages\/3","targetHints":{"allow":["GET"]}}],"collection":[{"href":"https:\/\/360-dive.com\/de\/wp-json\/wp\/v2\/pages"}],"about":[{"href":"https:\/\/360-dive.com\/de\/wp-json\/wp\/v2\/types\/page"}],"author":[{"embeddable":true,"href":"https:\/\/360-dive.com\/de\/wp-json\/wp\/v2\/users\/1"}],"replies":[{"embeddable":true,"href":"https:\/\/360-dive.com\/de\/wp-json\/wp\/v2\/comments?post=3"}],"version-history":[{"count":0,"href":"https:\/\/360-dive.com\/de\/wp-json\/wp\/v2\/pages\/3\/revisions"}],"wp:attachment":[{"href":"https:\/\/360-dive.com\/de\/wp-json\/wp\/v2\/media?parent=3"}],"curies":[{"name":"wp","href":"https:\/\/api.w.org\/{rel}","templated":true}]}}