{"id":204,"date":"2021-04-28T08:13:23","date_gmt":"2021-04-28T06:13:23","guid":{"rendered":"https:\/\/360dive.onpressidium.com\/?page_id=204"},"modified":"2026-03-12T08:30:32","modified_gmt":"2026-03-12T07:30:32","slug":"ou-et-quand-partir-faire-de-la-plongee","status":"publish","type":"page","link":"https:\/\/360-dive.com\/de\/ou-et-quand-partir-faire-de-la-plongee\/","title":{"rendered":"Wo und wann sollte man zum Tauchen aufbrechen?"},"content":{"rendered":"\r\n<p>\t<div id=\"slider1_container\">\r\n\t\t<div id=\"slider1\"><\/div>\r\n\t\t<div id=\"input_amounts\">\r\n\t\t\t<div>\r\n\t\t\t\t<label for=\"amount1\">Prix minimum<\/label>\r\n\t\t\t\t<input type=\"text\" id=\"amount1\" value=\"0\" readonly>\r\n\t\t\t<\/div>\r\n\t\t\t<div>\r\n\t\t\t\t<label for=\"amount2\">Prix maximum<\/label>\r\n\t\t\t\t<input type=\"text\" id=\"amount2\" value=\"10000\" readonly>\r\n\t\t\t<\/div>\r\n\t\t<\/div>\r\n\t\t<div id=\"slider_valid\">Valider et fermer<\/div>\r\n\t<\/div>\r\n\t<link rel=\"stylesheet\" href=\"\/\/code.jquery.com\/ui\/1.12.1\/themes\/base\/jquery-ui.css\">\r\n\t<script src=\"https:\/\/code.jquery.com\/ui\/1.12.1\/jquery-ui.js\"><\/script>\r\n\t<script>\r\n\tjQuery(document).ready(function( $ ){\r\n\t\t$( '#slider1' ).slider({\r\n\t\t\trange: true,\r\n\t\t\tvalues: [ 0, 10000 ],\r\n\t\t\tmin: 0,\r\n\t\t\tmax: 10000,\r\n\t\t\tstep: 100,\r\n\t\t\tslide: function( event, ui ) {\r\n\t\t\t\t$( '#amount1' ).val( ui.values[ 0 ] + ' \u20ac' );\r\n\t\t\t\t$( '#amount2' ).val( ui.values[ 1 ] + ' \u20ac' );\r\n\t\t\t\t$( '#input_2_2' ).val( ui.values[ 0 ] + ' \u20ac \u00e0 ' + ui.values[ 1 ] + ' \u20ac' );\r\n\t\t\t}\r\n\t\t});\r\n\t});\r\n\t<\/script>\r\n\t <nav  aria-label=\"Brotkrumen\"><ol class=\"breadcrumb\" itemscope itemtype=\"https:\/\/schema.org\/BreadcrumbList\"><li class=\"breadcrumb-item active\" aria-current=\"page\" itemprop=\"itemListElement\" itemscope itemtype=\"https:\/\/schema.org\/ListItem\"><span itemprop=\"name\">Home<\/span><meta itemprop=\"position\" content=\"1\"><\/li><\/ol><\/nav><\/p>\r\n<h1>O\u00f9 et quand partir ?<\/h1>\r\n<h2>Les meilleures destinations en fonction des mois de l&rsquo;ann\u00e9e pour partir faire de la plong\u00e9e<\/h2>\r\n<p>Pour vous aider \u00e0 programmer votre dive trip, 360\u00b0 Travel vous propose de visualiser les meilleures destinations en fonction du mois de l&rsquo;ann\u00e9e.<br \/>Cela correspond au moment de l&rsquo;ann\u00e9e le plus propice mais cela ne signifie pas qu&rsquo;il n&rsquo;est pas possible de faire de la plong\u00e9e dans un pays en dehors de ces mois-l\u00e0 \ud83d\ude42 \t<select id=\"select_mois_destination\" style=\"margin-bottom: 40px;\">\r\n\t<option value=\"0\">Janvier<\/option><option value=\"1\">F\u00e9vrier<\/option><option value=\"2\">Mars<\/option><option value=\"3\">Avril<\/option><option value=\"4\" selected>Mai<\/option><option value=\"5\">Juin<\/option><option value=\"6\">Juillet<\/option><option value=\"7\">Ao\u00fbt<\/option><option value=\"8\">Septembre<\/option><option value=\"9\">Octobre<\/option><option value=\"10\">Novembre<\/option><option value=\"11\">D\u00e9cembre<\/option>\t<\/select>\r\n\t<div id=\"results\" class=\"liste_destinations\"><\/div>\r\n\t<script>\r\n\tjQuery(document).ready(function() {\r\n\t\tjQuery.ajax({\r\n\t\t\turl: \"https:\/\/360-dive.com\/wp-content\/themes\/360surf\/ajax_select_mois.php\",\r\n\t\t\tmethod: \"POST\",\r\n\t\t\tdata: { mois: 4 }\r\n\t\t}).done(function( html ) {\r\n\t\t\tjQuery(\"#results\").html( html );\r\n\t\t});\r\n\t});\r\n\r\n\tjQuery(\"#select_mois_destination\").change(function(){\r\n\t\tjQuery(this).addClass(\"loading\");\r\n\t\tjQuery.ajax({\r\n\t\t\turl: \"https:\/\/360-dive.com\/wp-content\/themes\/360surf\/ajax_select_mois.php\",\r\n\t\t\tmethod: \"POST\",\r\n\t\t\tdata: { mois: jQuery(\"#select_mois_destination option:selected\").val() }\r\n\t\t}).done(function( html ) {\r\n\t\t\tjQuery(\"#results\").html( html );\r\n\t\t\tjQuery(\"#select_mois_destination\").removeClass(\"loading\");\r\n\t\t});\r\n\t});\r\n\t<\/script>\r\n\t<\/p>\r\n","protected":false},"excerpt":{"rendered":"<p>O\u00f9 et quand partir ? Les meilleures destinations en fonction des mois de l&rsquo;ann\u00e9e pour partir faire de la plong\u00e9e Pour vous aider \u00e0 programmer votre dive trip, 360\u00b0 Travel vous propose de visualiser les meilleures destinations en fonction du mois de l&rsquo;ann\u00e9e.Cela correspond au moment de l&rsquo;ann\u00e9e le plus propice mais cela ne signifie [&hellip;]<\/p>\n","protected":false},"author":1,"featured_media":0,"parent":0,"menu_order":0,"comment_status":"closed","ping_status":"closed","template":"","meta":{"_seopress_robots_primary_cat":"","_seopress_titles_title":"","_seopress_titles_desc":"","_seopress_robots_index":"","inline_featured_image":false,"site-sidebar-layout":"no-sidebar","site-content-layout":"page-builder","ast-site-content-layout":"full-width-container","site-content-style":"unboxed","site-sidebar-style":"unboxed","ast-global-header-display":"","ast-banner-title-visibility":"","ast-main-header-display":"","ast-hfb-above-header-display":"","ast-hfb-below-header-display":"","ast-hfb-mobile-header-display":"","site-post-title":"disabled","ast-breadcrumbs-content":"","ast-featured-img":"disabled","footer-sml-layout":"","ast-disable-related-posts":"","theme-transparent-header-meta":"default","adv-header-id-meta":"","stick-header-meta":"","header-above-stick-meta":"","header-main-stick-meta":"","header-below-stick-meta":"","astra-migrate-meta-layouts":"set","ast-page-background-enabled":"default","ast-page-background-meta":{"desktop":{"background-color":"","background-image":"","background-repeat":"repeat","background-position":"center center","background-size":"auto","background-attachment":"scroll","background-type":"","background-media":"","overlay-type":"","overlay-color":"","overlay-opacity":"","overlay-gradient":""},"tablet":{"background-color":"","background-image":"","background-repeat":"repeat","background-position":"center center","background-size":"auto","background-attachment":"scroll","background-type":"","background-media":"","overlay-type":"","overlay-color":"","overlay-opacity":"","overlay-gradient":""},"mobile":{"background-color":"","background-image":"","background-repeat":"repeat","background-position":"center center","background-size":"auto","background-attachment":"scroll","background-type":"","background-media":"","overlay-type":"","overlay-color":"","overlay-opacity":"","overlay-gradient":""}},"ast-content-background-meta":{"desktop":{"background-color":"var(--ast-global-color-5)","background-image":"","background-repeat":"repeat","background-position":"center center","background-size":"auto","background-attachment":"scroll","background-type":"","background-media":"","overlay-type":"","overlay-color":"","overlay-opacity":"","overlay-gradient":""},"tablet":{"background-color":"var(--ast-global-color-5)","background-image":"","background-repeat":"repeat","background-position":"center center","background-size":"auto","background-attachment":"scroll","background-type":"","background-media":"","overlay-type":"","overlay-color":"","overlay-opacity":"","overlay-gradient":""},"mobile":{"background-color":"var(--ast-global-color-5)","background-image":"","background-repeat":"repeat","background-position":"center center","background-size":"auto","background-attachment":"scroll","background-type":"","background-media":"","overlay-type":"","overlay-color":"","overlay-opacity":"","overlay-gradient":""}},"_joinchat":[],"footnotes":""},"class_list":["post-204","page","type-page","status-publish","hentry"],"_links":{"self":[{"href":"https:\/\/360-dive.com\/de\/wp-json\/wp\/v2\/pages\/204","targetHints":{"allow":["GET"]}}],"collection":[{"href":"https:\/\/360-dive.com\/de\/wp-json\/wp\/v2\/pages"}],"about":[{"href":"https:\/\/360-dive.com\/de\/wp-json\/wp\/v2\/types\/page"}],"author":[{"embeddable":true,"href":"https:\/\/360-dive.com\/de\/wp-json\/wp\/v2\/users\/1"}],"replies":[{"embeddable":true,"href":"https:\/\/360-dive.com\/de\/wp-json\/wp\/v2\/comments?post=204"}],"version-history":[{"count":0,"href":"https:\/\/360-dive.com\/de\/wp-json\/wp\/v2\/pages\/204\/revisions"}],"wp:attachment":[{"href":"https:\/\/360-dive.com\/de\/wp-json\/wp\/v2\/media?parent=204"}],"curies":[{"name":"wp","href":"https:\/\/api.w.org\/{rel}","templated":true}]}}