{"id":17,"date":"2020-03-05T14:12:53","date_gmt":"2020-03-05T13:12:53","guid":{"rendered":"https:\/\/360dive.onpressidium.com\/?page_id=17"},"modified":"2026-03-12T11:49:01","modified_gmt":"2026-03-12T10:49:01","slug":"mentions-legales","status":"publish","type":"page","link":"https:\/\/360-dive.com\/de\/mentions-legales\/","title":{"rendered":"Rechtliche Informationen"},"content":{"rendered":"<nav  aria-label=\"Brotkrumen\"><ol class=\"breadcrumb\" itemscope itemtype=\"https:\/\/schema.org\/BreadcrumbList\"><li class=\"breadcrumb-item active\" aria-current=\"page\" itemprop=\"itemListElement\" itemscope itemtype=\"https:\/\/schema.org\/ListItem\"><span itemprop=\"name\">Home<\/span><meta itemprop=\"position\" content=\"1\"><\/li><\/ol><\/nav>\n<h1>\n\t\t\tRechtliche Informationen\t<\/h1>\n\t<h4>Pr\u00e4sentation der Website<\/h4>\n<p>Conform\u00e9ment aux dispositions des articles 6-III et 19 de la Loi n\u00b0 2004-575 du 21 juin 2004 pour la Confiance dans l&rsquo;\u00e9conomie num\u00e9rique, dite L.C.E.N., nous portons \u00e0 la connaissance des utilisateurs et visiteurs du site wordpress-551007-5759751.cloudwaysapps.com les informations suivantes :<\/p>\n<h4>Rechtliche Informationen :<\/h4>\nEigent\u00fcmer &amp; Herausgeber der Website: 360\u00b0 Surf Travel<br \/>\nAdresse : 95 Avenue des fleurs &#8211; 83100 Toulon<br \/>\nTel: +33 768 761 453<br \/>\nMit einem Kapital von : 7 500 \u20ac<br \/>\nSIRET :\u00a0 79109168900012 &#8211; \u00a0R.C.S. de Toulon<br \/>\nE-Mail-Adresse: contact@360-kite.com\n<p>Le Cr\u00e9ateur du site et webmaster est : Agence Netalys &#8211; contact@netalys.fr<\/p>\nL&rsquo;h\u00e9bergeur du site est : PRESSIDIUM\u00ae &#8211; TECHIO LIMITED<br \/>\nThe Grange Barn, Pikes End, Pinner,<br \/>\nLondon, HA5 2EX, United Kingdom<br \/>\nVAT Number: GB 164453310<br \/>\nCompany No.: 08416088<br \/>\nTelefon: (020) 3397 7256<br \/>\nE-Mail: info -at- techio.com\n<p>Die Website wird auf einem Server in Paris, Frankreich, gehostet.<\/p>\nHISCOX BERUFSHAFTPFLICHTVERSICHERUNG: HA PRC0086449<br \/>\nFINANZIELLE GARANTIE: BIS ZU 200.000 EURO<br \/>\nCERTIFICATION D&rsquo;IMMATRICULATION : <a href=\"https:\/\/360-dive.com\/wp-content\/uploads\/2021\/06\/rovs_certificat_immatriculation.pdf\" target=\"_blank\" rel=\"noopener\">Unser Zertifikat herunterladen<\/a>.\n<h4>Beschreibung der angebotenen Dienstleistungen<\/h4>\nLe site wordpress-551007-5759751.cloudwaysapps.com a pour objet de fournir une information concernant l&rsquo;ensemble des activit\u00e9s de la soci\u00e9t\u00e9.<br \/>\nLe propri\u00e9taire du site s&rsquo;efforce de fournir sur le site wordpress-551007-5759751.cloudwaysapps.com des informations aussi pr\u00e9cises que possible. Toutefois, il ne pourra \u00eatre tenue responsable des omissions, des inexactitudes et des carences dans la mise \u00e0 jour, qu&rsquo;elles soient de son fait ou du fait des tiers partenaires qui lui fournissent ces informations.<br \/>\nTous les informations propos\u00e9es sur le site wordpress-551007-5759751.cloudwaysapps.com sont donn\u00e9es \u00e0 titre indicatif, sont non exhaustives, et sont susceptibles d&rsquo;\u00e9voluer. Elles sont donn\u00e9es sous r\u00e9serve de modifications ayant \u00e9t\u00e9 apport\u00e9es depuis leur mise en ligne.\n<h4>Geistiges Eigentum und Produktpiraterie<\/h4>\nLe propri\u00e9taire du site est propri\u00e9taire des droits de propri\u00e9t\u00e9 intellectuelle ou d\u00e9tient les droits d&rsquo;usage sur tous les \u00e9l\u00e9ments accessibles sur le site, notamment les textes, images, graphismes, logo, ic\u00f4nes, sons, logiciels&#8230;<br \/>\nToute reproduction, repr\u00e9sentation, modification, publication, adaptation totale ou partielle des \u00e9l\u00e9ments du site, quel que soit le moyen ou le proc\u00e9d\u00e9 utilis\u00e9, est interdite, sauf autorisation \u00e9crite pr\u00e9alable \u00e0 l&#8217;email : contact@360-surf.com.<br \/>\nToute exploitation non autoris\u00e9e du site ou de l&rsquo;un quelconque de ces \u00e9l\u00e9ments qu&rsquo;il contient sera consid\u00e9r\u00e9e comme constitutive d&rsquo;une contrefa\u00e7on et poursuivie conform\u00e9ment aux dispositions des articles L.335-2 et suivants du Code de Propri\u00e9t\u00e9 Intellectuelle.\n<h4>Hyperlinks und Cookies<\/h4>\n<p>Le site wordpress-551007-5759751.cloudwaysapps.com contient un certain nombre de liens hypertextes vers d&rsquo;autres sites mis en place avec l&rsquo;autorisation de le propri\u00e9taire du site . Cependant, le propri\u00e9taire du site n&rsquo;a pas la possibilit\u00e9 de v\u00e9rifier le contenu des sites ainsi visit\u00e9s\u00a0 et d\u00e9cline donc toute responsabilit\u00e9 de ce fait quand aux risques \u00e9ventuels de contenus illicites.<\/p>\n<p>L&rsquo;utilisateur est inform\u00e9 que lors de ses visites sur le site wordpress-551007-5759751.cloudwaysapps.com, un ou des cookies sont susceptible de s&rsquo;installer automatiquement sur son ordinateur.<\/p>\n<p>Erfahren Sie mehr \u00fcber unsere Cookie-Richtlinie.<\/p>\n<h4>Protection des biens et des personnes &#8211; gestion des donn\u00e9es personnelles<\/h4>\nBenutzer: Internetbenutzer, der sich mit der oben genannten Website verbindet und sie benutzt: wordpress-551007-5759751.cloudwaysapps.com<br \/>\nEn France, les donn\u00e9es personnelles sont notamment prot\u00e9g\u00e9es par la loi n\u00b0 78-87 du 6 janvier 1978, la loi n\u00b0 2004-801 du 6 ao\u00fbt 2004, l&rsquo;article L. 226-13 du Code p\u00e9nal et la Directive Europ\u00e9enne du 24 octobre 1995.\n<p>Sur le site wordpress-551007-5759751.cloudwaysapps.com, le propri\u00e9taire du site ne collecte des informations personnelles relatives \u00e0 l&rsquo;utilisateur que pour le besoin de certains services propos\u00e9s par le site wordpress-551007-5759751.cloudwaysapps.com. L&rsquo;utilisateur fournit ces informations en toute connaissance de cause, notamment lorsqu&rsquo;il proc\u00e8de par lui-m\u00eame \u00e0 leur saisie. Il est alors pr\u00e9cis\u00e9 \u00e0 l&rsquo;utilisateur du site wordpress-551007-5759751.cloudwaysapps.com l&rsquo;obligation ou non de fournir ces informations.<\/p>\n<p>Conform\u00e9ment aux dispositions des articles 38 et suivants de la loi 78-17 du 6 janvier 1978 relative \u00e0 l&rsquo;informatique, aux fichiers et aux libert\u00e9s, tout utilisateur dispose d&rsquo;un droit d&rsquo;acc\u00e8s, de rectification, de suppression et d&rsquo;opposition aux donn\u00e9es personnelles le concernant. Pour l&rsquo;exercer, adressez votre demande par email : contact@360-kite.com ou en effectuant une demande \u00e9crite et sign\u00e9e, accompagn\u00e9e d&rsquo;une copie du titre d&rsquo;identit\u00e9 avec signature du titulaire de la pi\u00e8ce, en pr\u00e9cisant l&rsquo;adresse \u00e0 laquelle la r\u00e9ponse doit \u00eatre envoy\u00e9e.<\/p>\n<p>Aucune information personnelle de l&rsquo;utilisateur du site wordpress-551007-5759751.cloudwaysapps.com n&rsquo;est publi\u00e9e \u00e0 l&rsquo;insu de l&rsquo;utilisateur, \u00e9chang\u00e9e, transf\u00e9r\u00e9e, c\u00e9d\u00e9e ou vendue sur un support quelconque \u00e0 des tiers. Seule l&rsquo;hypoth\u00e8se du rachat du site wordpress-551007-5759751.cloudwaysapps.com \u00e0 le propri\u00e9taire du site et de ses droits permettrait la transmission des dites informations \u00e0 l&rsquo;\u00e9ventuel acqu\u00e9reur qui serait \u00e0 son tour tenu de la m\u00eame obligation de conservation et de modification des donn\u00e9es vis \u00e0 vis de l&rsquo;utilisateur du site wordpress-551007-5759751.cloudwaysapps.com.<\/p>\n<p>Die Datenbanken sind durch die Bestimmungen des Gesetzes vom 1. Juli 1998 zur Umsetzung der Richtlinie 96\/9 vom 11. M\u00e4rz 1996 \u00fcber den rechtlichen Schutz von Datenbanken gesch\u00fctzt.<\/p>\n<p><a href=\"https:\/\/360-dive.com\/de\/confidentialite-des-donnees\/\">Plus d&rsquo;informations sur notre politique de confidentialit\u00e9 des donn\u00e9es personnelles.<\/a><\/p>","protected":false},"excerpt":{"rendered":"<p>Mentions l\u00e9gales Pr\u00e9sentation du site Conform\u00e9ment aux dispositions des articles 6-III et 19 de la Loi n\u00b0 2004-575 du 21 juin 2004 pour la Confiance dans l&rsquo;\u00e9conomie num\u00e9rique, dite L.C.E.N., nous portons \u00e0 la connaissance des utilisateurs et visiteurs du site wordpress-551007-5759751.cloudwaysapps.com les informations suivantes : Informations l\u00e9gales : Propri\u00e9taire &amp; \u00c9diteur du site : [&hellip;]<\/p>\n","protected":false},"author":1,"featured_media":0,"parent":0,"menu_order":0,"comment_status":"closed","ping_status":"closed","template":"","meta":{"_seopress_robots_primary_cat":"","_seopress_titles_title":"","_seopress_titles_desc":"","_seopress_robots_index":"yes","inline_featured_image":false,"site-sidebar-layout":"no-sidebar","site-content-layout":"page-builder","ast-site-content-layout":"default","site-content-style":"default","site-sidebar-style":"default","ast-global-header-display":"","ast-banner-title-visibility":"","ast-main-header-display":"","ast-hfb-above-header-display":"","ast-hfb-below-header-display":"","ast-hfb-mobile-header-display":"","site-post-title":"disabled","ast-breadcrumbs-content":"","ast-featured-img":"disabled","footer-sml-layout":"","ast-disable-related-posts":"","theme-transparent-header-meta":"default","adv-header-id-meta":"","stick-header-meta":"","header-above-stick-meta":"","header-main-stick-meta":"","header-below-stick-meta":"","astra-migrate-meta-layouts":"default","ast-page-background-enabled":"default","ast-page-background-meta":{"desktop":{"background-color":"","background-image":"","background-repeat":"repeat","background-position":"center center","background-size":"auto","background-attachment":"scroll","background-type":"","background-media":"","overlay-type":"","overlay-color":"","overlay-opacity":"","overlay-gradient":""},"tablet":{"background-color":"","background-image":"","background-repeat":"repeat","background-position":"center center","background-size":"auto","background-attachment":"scroll","background-type":"","background-media":"","overlay-type":"","overlay-color":"","overlay-opacity":"","overlay-gradient":""},"mobile":{"background-color":"","background-image":"","background-repeat":"repeat","background-position":"center center","background-size":"auto","background-attachment":"scroll","background-type":"","background-media":"","overlay-type":"","overlay-color":"","overlay-opacity":"","overlay-gradient":""}},"ast-content-background-meta":{"desktop":{"background-color":"var(--ast-global-color-5)","background-image":"","background-repeat":"repeat","background-position":"center center","background-size":"auto","background-attachment":"scroll","background-type":"","background-media":"","overlay-type":"","overlay-color":"","overlay-opacity":"","overlay-gradient":""},"tablet":{"background-color":"var(--ast-global-color-5)","background-image":"","background-repeat":"repeat","background-position":"center center","background-size":"auto","background-attachment":"scroll","background-type":"","background-media":"","overlay-type":"","overlay-color":"","overlay-opacity":"","overlay-gradient":""},"mobile":{"background-color":"var(--ast-global-color-5)","background-image":"","background-repeat":"repeat","background-position":"center center","background-size":"auto","background-attachment":"scroll","background-type":"","background-media":"","overlay-type":"","overlay-color":"","overlay-opacity":"","overlay-gradient":""}},"_joinchat":[],"footnotes":""},"class_list":["post-17","page","type-page","status-publish","hentry"],"_links":{"self":[{"href":"https:\/\/360-dive.com\/de\/wp-json\/wp\/v2\/pages\/17","targetHints":{"allow":["GET"]}}],"collection":[{"href":"https:\/\/360-dive.com\/de\/wp-json\/wp\/v2\/pages"}],"about":[{"href":"https:\/\/360-dive.com\/de\/wp-json\/wp\/v2\/types\/page"}],"author":[{"embeddable":true,"href":"https:\/\/360-dive.com\/de\/wp-json\/wp\/v2\/users\/1"}],"replies":[{"embeddable":true,"href":"https:\/\/360-dive.com\/de\/wp-json\/wp\/v2\/comments?post=17"}],"version-history":[{"count":0,"href":"https:\/\/360-dive.com\/de\/wp-json\/wp\/v2\/pages\/17\/revisions"}],"wp:attachment":[{"href":"https:\/\/360-dive.com\/de\/wp-json\/wp\/v2\/media?parent=17"}],"curies":[{"name":"wp","href":"https:\/\/api.w.org\/{rel}","templated":true}]}}